{"id":83057,"date":"2025-08-07T19:31:53","date_gmt":"2025-08-07T23:31:53","guid":{"rendered":"https:\/\/drtedinjurylaw.com\/?page_id=83057"},"modified":"2026-04-28T21:56:57","modified_gmt":"2026-04-28T21:56:57","slug":"abogado-de-lesiones-personales-de-charlotte","status":"publish","type":"page","link":"https:\/\/drtedinjurylaw.com\/es\/abogado-de-lesiones-personales-de-charlotte\/","title":{"rendered":"Abogado especializado en lesiones personales en Charlotte"},"content":{"rendered":"<p>Cuando la negligencia de otra persona le causa un da\u00f1o grave, todo se detiene. Su salud, su trabajo y la seguridad de su familia dependen de su capacidad para obtener la m\u00e1xima compensaci\u00f3n por sus p\u00e9rdidas. En el Dr. Ted Injury Law, luchamos por la justicia y la m\u00e1xima compensaci\u00f3n que usted necesita para recuperar su vida.<\/p>\n<p>\u00bfC\u00f3mo nos diferenciamos? Aportando algo \u00fanico a su lucha por la justicia. Nuestro fundador, el Dr. Ted A. Greve, es un quiropr\u00e1ctico certificado cuyo \u00fanico enfoque es ejercer el derecho en casos de lesiones. Su conocimiento m\u00e9dico le otorga una profunda comprensi\u00f3n de c\u00f3mo las lesiones afectan su cuerpo, su tiempo de recuperaci\u00f3n y sus necesidades de salud futuras.<\/p>\n<p>Con m\u00e1s de 100 a\u00f1os de experiencia combinada, nuestros abogados saben c\u00f3mo ganar casos dif\u00edciles de lesiones personales en todo Carolina del Norte. Debido a que probablemente est\u00e1 sufriendo dificultades econ\u00f3micas a causa de su accidente, no nos pagar\u00e1 nada \u2014 sin honorarios por adelantado, costos ocultos ni facturas de abogado \u2014 a menos que ganemos su caso de lesiones personales.<\/p>\n<p>Llame hoy al Abogado que Tambi\u00e9n es Doctor para una consulta gratuita y sin compromiso con un abogado de lesiones personales de Charlotte del Dr. Ted Injury Law.<\/p>\n","protected":false},"excerpt":{"rendered":"<p>Cuando la negligencia de otra persona le causa un da\u00f1o grave, todo se detiene. Su salud, su trabajo y la seguridad de su familia dependen de su capacidad para obtener la m\u00e1xima compensaci\u00f3n por sus p\u00e9rdidas. En el Dr. Ted Injury Law, luchamos por la justicia y la m\u00e1xima compensaci\u00f3n que usted necesita para recuperar [&hellip;]<\/p>\n","protected":false},"author":56,"featured_media":82762,"parent":0,"menu_order":35,"comment_status":"closed","ping_status":"closed","template":"","meta":{"_acf_changed":false,"anchor_text":"","footnotes":""},"class_list":["post-83057","page","type-page","status-publish","has-post-thumbnail","hentry"],"acf":[],"_links":{"self":[{"href":"https:\/\/drtedinjurylaw.com\/es\/wp-json\/wp\/v2\/pages\/83057","targetHints":{"allow":["GET"]}}],"collection":[{"href":"https:\/\/drtedinjurylaw.com\/es\/wp-json\/wp\/v2\/pages"}],"about":[{"href":"https:\/\/drtedinjurylaw.com\/es\/wp-json\/wp\/v2\/types\/page"}],"author":[{"embeddable":true,"href":"https:\/\/drtedinjurylaw.com\/es\/wp-json\/wp\/v2\/users\/56"}],"replies":[{"embeddable":true,"href":"https:\/\/drtedinjurylaw.com\/es\/wp-json\/wp\/v2\/comments?post=83057"}],"version-history":[{"count":1,"href":"https:\/\/drtedinjurylaw.com\/es\/wp-json\/wp\/v2\/pages\/83057\/revisions"}],"predecessor-version":[{"id":83059,"href":"https:\/\/drtedinjurylaw.com\/es\/wp-json\/wp\/v2\/pages\/83057\/revisions\/83059"}],"wp:featuredmedia":[{"embeddable":true,"href":"https:\/\/drtedinjurylaw.com\/es\/wp-json\/wp\/v2\/media\/82762"}],"wp:attachment":[{"href":"https:\/\/drtedinjurylaw.com\/es\/wp-json\/wp\/v2\/media?parent=83057"}],"curies":[{"name":"wp","href":"https:\/\/api.w.org\/{rel}","templated":true}]}}