{"id":83053,"date":"2025-08-11T15:04:48","date_gmt":"2025-08-11T15:04:48","guid":{"rendered":"https:\/\/drtedinjurylaw.com\/abogado-especializado-en-lesiones-personales-en-augusta-georgia\/"},"modified":"2026-04-28T21:36:22","modified_gmt":"2026-04-28T21:36:22","slug":"oficina-en-augusta","status":"publish","type":"page","link":"https:\/\/drtedinjurylaw.com\/es\/oficina-en-augusta\/","title":{"rendered":"Abogado especializado en lesiones personales en Augusta, Georgia"},"content":{"rendered":"<p>\u00bfEst\u00e1s t\u00fa o un ser querido lidiando con las secuelas de una lesi\u00f3n grave que sufriste en Augusta, Georgia? \u00bfTe rompiste un hueso al resbalar y caer en el suelo mojado de una tienda? \u00bfTe diagnosticaron una lesi\u00f3n cerebral tras ser atropellado por un coche o un cami\u00f3n?<\/p>\n<p>Sufrir una lesi\u00f3n por culpa de la negligencia de otra persona trastoca toda tu vida: desde tu salud hasta tu trabajo, pasando por la seguridad econ\u00f3mica de tu familia. En Dr. Ted Injury Law, estamos aqu\u00ed para luchar por la indemnizaci\u00f3n que necesitas para recuperar tu vida tal y como era antes.<\/p>\n<p>\u00bfPor qu\u00e9 confiar en nosotros para su demanda por lesiones? Porque contamos con una ventaja que pocos tienen: nuestro fundador, el Dr. Ted A. Greve, es tanto abogado como quiropr\u00e1ctico titulado. Aunque se dedica exclusivamente al ejercicio de la abogac\u00eda, su formaci\u00f3n m\u00e9dica le proporciona una perspectiva sobre las lesiones de la que carecen los abogados habituales. Estos conocimientos nos permiten comprender no solo el aspecto jur\u00eddico de su caso de lesiones personales, sino tambi\u00e9n la realidad m\u00e9dica a la que se enfrenta.<\/p>\n<p>Llame al abogado que tambi\u00e9n es m\u00e9dico para obtener una evaluaci\u00f3n gratuita y sin compromiso de su caso al <a href=\"tel:+18006937833\"><i class=\"fa fa-phone-alt\"><\/i>(800) 693-7833<\/a>. No tendr\u00e1 que pagar nada para que empecemos a trabajar en su demanda, y no habr\u00e1 honorarios a menos que nuestros abogados especializados en lesiones personales en Augusta, Georgia, ganen su caso.<\/p>\n","protected":false},"excerpt":{"rendered":"<p>\u00bfEst\u00e1s t\u00fa o un ser querido lidiando con las secuelas de una lesi\u00f3n grave que sufriste en Augusta, Georgia? \u00bfTe rompiste un hueso al resbalar y caer en el suelo mojado de una tienda? \u00bfTe diagnosticaron una lesi\u00f3n cerebral tras ser atropellado por un coche o un cami\u00f3n? Sufrir una lesi\u00f3n por culpa de la [&hellip;]<\/p>\n","protected":false},"author":56,"featured_media":83050,"parent":0,"menu_order":37,"comment_status":"closed","ping_status":"closed","template":"","meta":{"_acf_changed":false,"anchor_text":"","footnotes":""},"class_list":["post-83053","page","type-page","status-publish","has-post-thumbnail","hentry"],"acf":[],"_links":{"self":[{"href":"https:\/\/drtedinjurylaw.com\/es\/wp-json\/wp\/v2\/pages\/83053","targetHints":{"allow":["GET"]}}],"collection":[{"href":"https:\/\/drtedinjurylaw.com\/es\/wp-json\/wp\/v2\/pages"}],"about":[{"href":"https:\/\/drtedinjurylaw.com\/es\/wp-json\/wp\/v2\/types\/page"}],"author":[{"embeddable":true,"href":"https:\/\/drtedinjurylaw.com\/es\/wp-json\/wp\/v2\/users\/56"}],"replies":[{"embeddable":true,"href":"https:\/\/drtedinjurylaw.com\/es\/wp-json\/wp\/v2\/comments?post=83053"}],"version-history":[{"count":2,"href":"https:\/\/drtedinjurylaw.com\/es\/wp-json\/wp\/v2\/pages\/83053\/revisions"}],"predecessor-version":[{"id":83055,"href":"https:\/\/drtedinjurylaw.com\/es\/wp-json\/wp\/v2\/pages\/83053\/revisions\/83055"}],"wp:featuredmedia":[{"embeddable":true,"href":"https:\/\/drtedinjurylaw.com\/es\/wp-json\/wp\/v2\/media\/83050"}],"wp:attachment":[{"href":"https:\/\/drtedinjurylaw.com\/es\/wp-json\/wp\/v2\/media?parent=83053"}],"curies":[{"name":"wp","href":"https:\/\/api.w.org\/{rel}","templated":true}]}}