{"id":83035,"date":"2025-08-13T07:12:50","date_gmt":"2025-08-13T07:12:50","guid":{"rendered":"https:\/\/drtedinjurylaw.com\/abogados-especializados-en-lesiones-personales-en-rock-hill\/"},"modified":"2026-04-28T21:03:20","modified_gmt":"2026-04-28T21:03:20","slug":"oficina-en-rock-hill","status":"publish","type":"page","link":"https:\/\/drtedinjurylaw.com\/es\/oficina-en-rock-hill\/","title":{"rendered":"Abogados especializados en lesiones personales en Rock Hill"},"content":{"rendered":"<p>El bufete de abogados Dr. Ted Injury Law se compromete a ofrecer un servicio profesional, \u00e1gil y personalizado a todos los clientes a los que representamos, incluidos los de Rock Hill, Carolina del Sur. Somos conscientes de que no hay dos casos de lesiones iguales, por lo que nos tomamos el tiempo necesario para escuchar con atenci\u00f3n, evaluar cada situaci\u00f3n a fondo y desarrollar una estrategia jur\u00eddica adaptada a sus necesidades y objetivos espec\u00edficos. Desde la consulta inicial hasta la resoluci\u00f3n de su caso, puede contar con una comunicaci\u00f3n clara, una gran disponibilidad y un apoyo incondicional.<\/p>\n<p>En cada etapa del proceso, nuestros clientes cuentan con la ayuda de un equipo de asistencia altamente cualificado y comprensivo. Nuestro equipo trabaja en colaboraci\u00f3n para garantizar que cada detalle se gestione de forma eficiente y con esmero, lo que mejora la calidad general y la profesionalidad de nuestros servicios. Nos esforzamos por hacer que el proceso legal sea lo m\u00e1s fluido y relajado posible, para que usted pueda centrarse en su recuperaci\u00f3n.<\/p>\n<p>Adem\u00e1s de contar con abogados litigantes con amplia experiencia, nuestro bufete se distingue por contar con un quiropr\u00e1ctico y asistentes jur\u00eddicos cualificados que aportan una valiosa perspectiva a los casos de lesiones personales. Este enfoque multidisciplinar nos permite comprender mejor los aspectos m\u00e9dicos de sus lesiones y documentar de forma eficaz el impacto que estas tienen en su vida. Al combinar los conocimientos jur\u00eddicos con la perspectiva m\u00e9dica, estamos en mejores condiciones de defender la indemnizaci\u00f3n completa y justa que usted se merece, tanto para nuestros clientes de Rock Hill como para los de toda Carolina del Sur.<\/p>\n","protected":false},"excerpt":{"rendered":"<p>El bufete de abogados Dr. Ted Injury Law se compromete a ofrecer un servicio profesional, \u00e1gil y personalizado a todos los clientes a los que representamos, incluidos los de Rock Hill, Carolina del Sur. Somos conscientes de que no hay dos casos de lesiones iguales, por lo que nos tomamos el tiempo necesario para escuchar [&hellip;]<\/p>\n","protected":false},"author":56,"featured_media":83034,"parent":0,"menu_order":42,"comment_status":"closed","ping_status":"closed","template":"","meta":{"_acf_changed":false,"anchor_text":"","footnotes":""},"class_list":["post-83035","page","type-page","status-publish","has-post-thumbnail","hentry"],"acf":[],"_links":{"self":[{"href":"https:\/\/drtedinjurylaw.com\/es\/wp-json\/wp\/v2\/pages\/83035","targetHints":{"allow":["GET"]}}],"collection":[{"href":"https:\/\/drtedinjurylaw.com\/es\/wp-json\/wp\/v2\/pages"}],"about":[{"href":"https:\/\/drtedinjurylaw.com\/es\/wp-json\/wp\/v2\/types\/page"}],"author":[{"embeddable":true,"href":"https:\/\/drtedinjurylaw.com\/es\/wp-json\/wp\/v2\/users\/56"}],"replies":[{"embeddable":true,"href":"https:\/\/drtedinjurylaw.com\/es\/wp-json\/wp\/v2\/comments?post=83035"}],"version-history":[{"count":2,"href":"https:\/\/drtedinjurylaw.com\/es\/wp-json\/wp\/v2\/pages\/83035\/revisions"}],"predecessor-version":[{"id":83037,"href":"https:\/\/drtedinjurylaw.com\/es\/wp-json\/wp\/v2\/pages\/83035\/revisions\/83037"}],"wp:featuredmedia":[{"embeddable":true,"href":"https:\/\/drtedinjurylaw.com\/es\/wp-json\/wp\/v2\/media\/83034"}],"wp:attachment":[{"href":"https:\/\/drtedinjurylaw.com\/es\/wp-json\/wp\/v2\/media?parent=83035"}],"curies":[{"name":"wp","href":"https:\/\/api.w.org\/{rel}","templated":true}]}}