{"id":83031,"date":"2025-08-14T00:41:15","date_gmt":"2025-08-14T00:41:15","guid":{"rendered":"https:\/\/drtedinjurylaw.com\/abogado-especializado-en-lesiones-personales-en-wilmington\/"},"modified":"2026-04-28T20:49:59","modified_gmt":"2026-04-28T20:49:59","slug":"oficina-en-wilmington","status":"publish","type":"page","link":"https:\/\/drtedinjurylaw.com\/es\/oficina-en-wilmington\/","title":{"rendered":"Abogado especializado en lesiones personales en Wilmington"},"content":{"rendered":"<p>Una lesi\u00f3n grave causada por la negligencia de otra persona puede trastornar tu vida en un instante. M\u00e1s all\u00e1 del dolor f\u00edsico, es posible que te enfrentes a facturas m\u00e9dicas cada vez m\u00e1s elevadas, a la p\u00e9rdida de ingresos y a la incertidumbre sobre lo que te depara el futuro. Aunque la legislaci\u00f3n de Carolina del Norte te permite reclamar una indemnizaci\u00f3n por tus p\u00e9rdidas, el proceso de reclamaci\u00f3n por da\u00f1os personales puede resultar abrumador y dif\u00edcil de gestionar por tu cuenta.<\/p>\n<p>No tiene por qu\u00e9 afrontarlo solo. En Dr. Ted Injury Law, nuestros experimentados abogados especializados en lesiones personales en Wilmington, Carolina del Norte, se comprometen a ayudar a las personas lesionadas a recuperar el control de sus vidas. Con d\u00e9cadas de experiencia combinada, nuestro equipo legal sabe c\u00f3mo gestionar reclamaciones complejas y hacer frente a las compa\u00f1\u00edas de seguros que puedan intentar minimizar o denegar su indemnizaci\u00f3n. Nos dedicamos a construir casos s\u00f3lidos y a luchar por la indemnizaci\u00f3n completa que te mereces, incluyendo da\u00f1os y perjuicios por gastos m\u00e9dicos, salarios perdidos, dolor y sufrimiento, y necesidades de cuidados futuros.<\/p>\n<p>Nuestro bufete adopta un enfoque centrado en el cliente, ofreciendo una atenci\u00f3n personalizada y una comunicaci\u00f3n clara en cada paso del proceso. Nos encargamos de los tr\u00e1mites legales para que usted pueda centrarse en su recuperaci\u00f3n y en seguir adelante.<\/p>\n<p>Si usted o un ser querido ha sufrido lesiones, ahora es el momento de analizar sus opciones legales. Ll\u00e1menos al <a href=\"tel:+18006937833\"><i class=\"fa fa-phone-alt\"><\/i>(800) 693-7833<\/a> para una evaluaci\u00f3n gratuita de su caso con un abogado especializado en lesiones personales de Wilmington. Estamos dispuestos a escucharle, orientarle y luchar por la justicia que se merece.<\/p>\n","protected":false},"excerpt":{"rendered":"<p>Una lesi\u00f3n grave causada por la negligencia de otra persona puede trastornar tu vida en un instante. M\u00e1s all\u00e1 del dolor f\u00edsico, es posible que te enfrentes a facturas m\u00e9dicas cada vez m\u00e1s elevadas, a la p\u00e9rdida de ingresos y a la incertidumbre sobre lo que te depara el futuro. Aunque la legislaci\u00f3n de Carolina [&hellip;]<\/p>\n","protected":false},"author":56,"featured_media":83030,"parent":0,"menu_order":44,"comment_status":"closed","ping_status":"closed","template":"","meta":{"_acf_changed":false,"anchor_text":"","footnotes":""},"class_list":["post-83031","page","type-page","status-publish","has-post-thumbnail","hentry"],"acf":[],"_links":{"self":[{"href":"https:\/\/drtedinjurylaw.com\/es\/wp-json\/wp\/v2\/pages\/83031","targetHints":{"allow":["GET"]}}],"collection":[{"href":"https:\/\/drtedinjurylaw.com\/es\/wp-json\/wp\/v2\/pages"}],"about":[{"href":"https:\/\/drtedinjurylaw.com\/es\/wp-json\/wp\/v2\/types\/page"}],"author":[{"embeddable":true,"href":"https:\/\/drtedinjurylaw.com\/es\/wp-json\/wp\/v2\/users\/56"}],"replies":[{"embeddable":true,"href":"https:\/\/drtedinjurylaw.com\/es\/wp-json\/wp\/v2\/comments?post=83031"}],"version-history":[{"count":2,"href":"https:\/\/drtedinjurylaw.com\/es\/wp-json\/wp\/v2\/pages\/83031\/revisions"}],"predecessor-version":[{"id":83033,"href":"https:\/\/drtedinjurylaw.com\/es\/wp-json\/wp\/v2\/pages\/83031\/revisions\/83033"}],"wp:featuredmedia":[{"embeddable":true,"href":"https:\/\/drtedinjurylaw.com\/es\/wp-json\/wp\/v2\/media\/83030"}],"wp:attachment":[{"href":"https:\/\/drtedinjurylaw.com\/es\/wp-json\/wp\/v2\/media?parent=83031"}],"curies":[{"name":"wp","href":"https:\/\/api.w.org\/{rel}","templated":true}]}}