{"id":83026,"date":"2025-08-13T11:14:18","date_gmt":"2025-08-13T11:14:18","guid":{"rendered":"https:\/\/drtedinjurylaw.com\/abogado-especializado-en-lesiones-personales-en-shelby\/"},"modified":"2026-04-28T20:34:40","modified_gmt":"2026-04-28T20:34:40","slug":"oficina-en-shelby","status":"publish","type":"page","link":"https:\/\/drtedinjurylaw.com\/es\/oficina-en-shelby\/","title":{"rendered":"Abogado especializado en lesiones personales en Shelby"},"content":{"rendered":"<p>Nadie espera terminar el d\u00eda en urgencias. Sin embargo, cada d\u00eda en Shelby hay personas que sufren lesiones graves porque otra persona ha decidido actuar con imprudencia. Puede tratarse de un accidente en la autopista 74, una ca\u00edda mientras se hace la compra en una tienda local o el ataque de un perro sin control.<\/p>\n<p>Si te ha pasado esto, las facturas m\u00e9dicas se acumulan, est\u00e1s perdiendo dinero por no poder trabajar y el dolor parece no tener fin. En Dr. Ted Injury Law, entendemos por lo que est\u00e1s pasando y sabemos c\u00f3mo luchar por la justicia y la indemnizaci\u00f3n que necesitas para recuperar tu vida.<\/p>\n<p>Cuando nos contrata para su caso de lesiones personales, obtiene una ventaja \u00fanica: un conocimiento directo de su sufrimiento. Esto se debe a que nuestro fundador, el Dr. Ted A. Greve, es un quiropr\u00e1ctico titulado que ahora se dedica exclusivamente al derecho de lesiones. Esta formaci\u00f3n le proporciona una perspectiva m\u00e9dica que le ayuda a reconocer el verdadero impacto de sus lesiones. Su comprensi\u00f3n de c\u00f3mo se cura el cuerpo (y de lo que ocurre cuando no se cura correctamente) gu\u00eda nuestro enfoque en cada caso de lesiones personales.<\/p>\n<p>Nuestros abogados cuentan con m\u00e1s de 100 a\u00f1os de experiencia conjunta defendiendo a personas lesionadas en toda Carolina del Norte. No le cobraremos nada a menos que ganemos su caso, y no hay que pagar ning\u00fan anticipo para que empecemos a trabajar en \u00e9l. De esta forma, usted no asume ning\u00fan riesgo econ\u00f3mico al reclamar la justicia que se merece.<\/p>\n<p>Llame hoy mismo al abogado que tambi\u00e9n es m\u00e9dico para concertar una consulta gratuita y sin compromiso con un abogado especializado en lesiones personales de Shelby, Carolina del Norte.<\/p>\n","protected":false},"excerpt":{"rendered":"<p>Nadie espera terminar el d\u00eda en urgencias. Sin embargo, cada d\u00eda en Shelby hay personas que sufren lesiones graves porque otra persona ha decidido actuar con imprudencia. Puede tratarse de un accidente en la autopista 74, una ca\u00edda mientras se hace la compra en una tienda local o el ataque de un perro sin control. [&hellip;]<\/p>\n","protected":false},"author":56,"featured_media":83024,"parent":0,"menu_order":43,"comment_status":"closed","ping_status":"closed","template":"","meta":{"_acf_changed":false,"anchor_text":"","footnotes":""},"class_list":["post-83026","page","type-page","status-publish","has-post-thumbnail","hentry"],"acf":[],"_links":{"self":[{"href":"https:\/\/drtedinjurylaw.com\/es\/wp-json\/wp\/v2\/pages\/83026","targetHints":{"allow":["GET"]}}],"collection":[{"href":"https:\/\/drtedinjurylaw.com\/es\/wp-json\/wp\/v2\/pages"}],"about":[{"href":"https:\/\/drtedinjurylaw.com\/es\/wp-json\/wp\/v2\/types\/page"}],"author":[{"embeddable":true,"href":"https:\/\/drtedinjurylaw.com\/es\/wp-json\/wp\/v2\/users\/56"}],"replies":[{"embeddable":true,"href":"https:\/\/drtedinjurylaw.com\/es\/wp-json\/wp\/v2\/comments?post=83026"}],"version-history":[{"count":3,"href":"https:\/\/drtedinjurylaw.com\/es\/wp-json\/wp\/v2\/pages\/83026\/revisions"}],"predecessor-version":[{"id":83029,"href":"https:\/\/drtedinjurylaw.com\/es\/wp-json\/wp\/v2\/pages\/83026\/revisions\/83029"}],"wp:featuredmedia":[{"embeddable":true,"href":"https:\/\/drtedinjurylaw.com\/es\/wp-json\/wp\/v2\/media\/83024"}],"wp:attachment":[{"href":"https:\/\/drtedinjurylaw.com\/es\/wp-json\/wp\/v2\/media?parent=83026"}],"curies":[{"name":"wp","href":"https:\/\/api.w.org\/{rel}","templated":true}]}}