{"id":83021,"date":"2025-08-13T02:51:01","date_gmt":"2025-08-13T02:51:01","guid":{"rendered":"https:\/\/drtedinjurylaw.com\/abogado-especializado-en-lesiones-personales-en-hickory-nc\/"},"modified":"2026-04-28T20:16:18","modified_gmt":"2026-04-28T20:16:18","slug":"oficina-en-hickory","status":"publish","type":"page","link":"https:\/\/drtedinjurylaw.com\/es\/oficina-en-hickory\/","title":{"rendered":"Abogado especializado en lesiones personales en Hickory, NC"},"content":{"rendered":"<p>Cuando la negligencia de otra persona te causa un da\u00f1o grave, el dolor y el estr\u00e9s pueden resultar abrumadores. Tienes que lidiar con lesiones que te causan dolor a diario, facturas que no dejan de acumularse y compa\u00f1\u00edas de seguros que act\u00faan como si tu sufrimiento no importara.<\/p>\n<p>En Dr. Ted Injury Law, luchamos por la justicia y por la indemnizaci\u00f3n que necesitas para recuperar tu vida. Nuestro bufete te ofrece una ventaja: nuestro fundador, el Dr. Ted A. Greve, entiende las lesiones tanto desde el punto de vista m\u00e9dico como jur\u00eddico. Es un quiropr\u00e1ctico colegiado que ahora ejerce la abogac\u00eda a tiempo completo, y utiliza sus conocimientos m\u00e9dicos para detectar lo que a muchos otros abogados se les puede pasar por alto en relaci\u00f3n con tus lesiones, c\u00f3mo podr\u00eda ser tu recuperaci\u00f3n y la realidad m\u00e9dica a la que te enfrentas.<\/p>\n<p>Nuestro equipo cuenta con m\u00e1s de 100 a\u00f1os de experiencia combinada defendiendo a v\u00edctimas de accidentes en toda Carolina del Norte. No tendr\u00e1s que pagarnos nada \u2014ni honorarios por adelantado, ni costes ocultos, ni facturas de abogados\u2014 a menos que ganemos tu caso por lesiones personales.<\/p>\n<p>Llame hoy mismo al abogado que tambi\u00e9n es m\u00e9dico para concertar una consulta gratuita y sin compromiso con un abogado especializado en lesiones personales de Hickory, Carolina del Norte.<\/p>\n","protected":false},"excerpt":{"rendered":"<p>Cuando la negligencia de otra persona te causa un da\u00f1o grave, el dolor y el estr\u00e9s pueden resultar abrumadores. Tienes que lidiar con lesiones que te causan dolor a diario, facturas que no dejan de acumularse y compa\u00f1\u00edas de seguros que act\u00faan como si tu sufrimiento no importara. En Dr. Ted Injury Law, luchamos por [&hellip;]<\/p>\n","protected":false},"author":56,"featured_media":83011,"parent":0,"menu_order":40,"comment_status":"closed","ping_status":"closed","template":"","meta":{"_acf_changed":false,"anchor_text":"","footnotes":""},"class_list":["post-83021","page","type-page","status-publish","has-post-thumbnail","hentry"],"acf":[],"_links":{"self":[{"href":"https:\/\/drtedinjurylaw.com\/es\/wp-json\/wp\/v2\/pages\/83021","targetHints":{"allow":["GET"]}}],"collection":[{"href":"https:\/\/drtedinjurylaw.com\/es\/wp-json\/wp\/v2\/pages"}],"about":[{"href":"https:\/\/drtedinjurylaw.com\/es\/wp-json\/wp\/v2\/types\/page"}],"author":[{"embeddable":true,"href":"https:\/\/drtedinjurylaw.com\/es\/wp-json\/wp\/v2\/users\/56"}],"replies":[{"embeddable":true,"href":"https:\/\/drtedinjurylaw.com\/es\/wp-json\/wp\/v2\/comments?post=83021"}],"version-history":[{"count":2,"href":"https:\/\/drtedinjurylaw.com\/es\/wp-json\/wp\/v2\/pages\/83021\/revisions"}],"predecessor-version":[{"id":83023,"href":"https:\/\/drtedinjurylaw.com\/es\/wp-json\/wp\/v2\/pages\/83021\/revisions\/83023"}],"wp:featuredmedia":[{"embeddable":true,"href":"https:\/\/drtedinjurylaw.com\/es\/wp-json\/wp\/v2\/media\/83011"}],"wp:attachment":[{"href":"https:\/\/drtedinjurylaw.com\/es\/wp-json\/wp\/v2\/media?parent=83021"}],"curies":[{"name":"wp","href":"https:\/\/api.w.org\/{rel}","templated":true}]}}