{"id":83001,"date":"2025-08-13T01:47:10","date_gmt":"2025-08-13T01:47:10","guid":{"rendered":"https:\/\/drtedinjurylaw.com\/abogados-especializados-en-lesiones-personales-gastonia-nc\/"},"modified":"2026-04-28T19:49:41","modified_gmt":"2026-04-28T19:49:41","slug":"oficina-en-gastonia","status":"publish","type":"page","link":"https:\/\/drtedinjurylaw.com\/es\/oficina-en-gastonia\/","title":{"rendered":"Abogados especializados en lesiones personales, Gastonia, NC"},"content":{"rendered":"<p>Cuando la negligencia de otra persona te deja la vida patas arriba, te mereces algo m\u00e1s que compasi\u00f3n. Necesitas dinero para cubrir tus gastos m\u00e9dicos, la p\u00e9rdida de ingresos por no poder trabajar y todo lo dem\u00e1s que te ha quitado tu lesi\u00f3n. Si buscas una representaci\u00f3n legal s\u00f3lida y abogados que comprendan todos los aspectos de tu lesi\u00f3n, en Dr. Ted Injury Law podemos ayudarte.<\/p>\n<p>Nuestro bufete de abogados ofrece una ventaja: nuestro fundador, el Dr. Ted, es tanto abogado como quiropr\u00e1ctico titulado. Aunque actualmente solo ejerce la abogac\u00eda, los conocimientos m\u00e9dicos del Dr. Ted le permiten comprender a fondo c\u00f3mo las lesiones afectan a su cuerpo, su trabajo y su futuro. Con los m\u00e1s de 100 a\u00f1os de experiencia legal combinada de nuestro equipo, esta perspectiva \u00fanica nos ayuda a luchar por cada centavo que usted se merece.<\/p>\n<p>En Dr. Ted Injury Law, entendemos que sufrir una lesi\u00f3n grave puede afectar tanto a su econom\u00eda como a su salud. Como ya tiene que lidiar con dificultades en m\u00e1s de un sentido, no nos pagar\u00e1 nada \u2014ni honorarios ni gastos de su bolsillo\u2014 a menos que ganemos su caso de lesiones personales.<\/p>\n<p>Si usted o un ser querido ha sufrido lesiones en Gastonia, llame al abogado que tambi\u00e9n es m\u00e9dico. P\u00f3ngase en <a href=\"https:\/\/drtedinjurylaw.com\/es\/contactenos\/\">contacto <\/a>con nosotros hoy mismo para programar su consulta inicial gratuita y sin compromiso.<\/p>\n","protected":false},"excerpt":{"rendered":"<p>Cuando la negligencia de otra persona te deja la vida patas arriba, te mereces algo m\u00e1s que compasi\u00f3n. Necesitas dinero para cubrir tus gastos m\u00e9dicos, la p\u00e9rdida de ingresos por no poder trabajar y todo lo dem\u00e1s que te ha quitado tu lesi\u00f3n. Si buscas una representaci\u00f3n legal s\u00f3lida y abogados que comprendan todos los [&hellip;]<\/p>\n","protected":false},"author":56,"featured_media":83000,"parent":0,"menu_order":39,"comment_status":"closed","ping_status":"closed","template":"","meta":{"_acf_changed":false,"anchor_text":"","footnotes":""},"class_list":["post-83001","page","type-page","status-publish","has-post-thumbnail","hentry"],"acf":[],"_links":{"self":[{"href":"https:\/\/drtedinjurylaw.com\/es\/wp-json\/wp\/v2\/pages\/83001","targetHints":{"allow":["GET"]}}],"collection":[{"href":"https:\/\/drtedinjurylaw.com\/es\/wp-json\/wp\/v2\/pages"}],"about":[{"href":"https:\/\/drtedinjurylaw.com\/es\/wp-json\/wp\/v2\/types\/page"}],"author":[{"embeddable":true,"href":"https:\/\/drtedinjurylaw.com\/es\/wp-json\/wp\/v2\/users\/56"}],"replies":[{"embeddable":true,"href":"https:\/\/drtedinjurylaw.com\/es\/wp-json\/wp\/v2\/comments?post=83001"}],"version-history":[{"count":2,"href":"https:\/\/drtedinjurylaw.com\/es\/wp-json\/wp\/v2\/pages\/83001\/revisions"}],"predecessor-version":[{"id":83003,"href":"https:\/\/drtedinjurylaw.com\/es\/wp-json\/wp\/v2\/pages\/83001\/revisions\/83003"}],"wp:featuredmedia":[{"embeddable":true,"href":"https:\/\/drtedinjurylaw.com\/es\/wp-json\/wp\/v2\/media\/83000"}],"wp:attachment":[{"href":"https:\/\/drtedinjurylaw.com\/es\/wp-json\/wp\/v2\/media?parent=83001"}],"curies":[{"name":"wp","href":"https:\/\/api.w.org\/{rel}","templated":true}]}}