{"id":82995,"date":"2025-08-12T09:30:28","date_gmt":"2025-08-12T09:30:28","guid":{"rendered":"https:\/\/drtedinjurylaw.com\/abogado-especializado-en-lesiones-personales-en-concord-nc\/"},"modified":"2026-04-28T19:47:51","modified_gmt":"2026-04-28T19:47:51","slug":"oficina-en-concord","status":"publish","type":"page","link":"https:\/\/drtedinjurylaw.com\/es\/oficina-en-concord\/","title":{"rendered":"Abogado especializado en lesiones personales en Concord, NC"},"content":{"rendered":"<p>Sufrir una lesi\u00f3n por el descuido de otra persona es tan estresante como doloroso. Las facturas m\u00e9dicas llegan a diario mientras t\u00fa no puedes ganar dinero en el trabajo, y las compa\u00f1\u00edas de seguros te presionan para que aceptes menos de lo que te corresponde. Sin embargo, contar con la ayuda de un abogado con experiencia en lesiones personales en Concord, Carolina del Norte, puede darte la ventaja que necesitas para conseguir un acuerdo justo.<\/p>\n<p>En Dr. Ted Injury Law, nuestro equipo combina una perspectiva m\u00e9dica \u00fanica con una s\u00f3lida defensa jur\u00eddica. Nuestro fundador, el Dr. Ted A. Greve, es tanto abogado como quiropr\u00e1ctico colegiado. Aunque actualmente solo ejerce la abogac\u00eda, su formaci\u00f3n m\u00e9dica nos ayuda a detectar lo que otros abogados podr\u00edan pasar por alto. Gracias a estos amplios conocimientos, nuestros abogados pueden presentar un argumento convincente, que aborda tanto el aspecto jur\u00eddico de su caso de lesiones personales como la realidad m\u00e9dica a la que se enfrenta.<\/p>\n<p>Con m\u00e1s de 100 a\u00f1os de experiencia combinada, nuestro bufete de abogados lucha por conseguir la m\u00e1xima indemnizaci\u00f3n que usted se merece, lo que le permitir\u00e1 centrarse en lo que realmente importa: su recuperaci\u00f3n. Adem\u00e1s, no tendr\u00e1 que pagar nada a menos que ganemos el caso. Llame hoy mismo al abogado que tambi\u00e9n es m\u00e9dico para obtener una revisi\u00f3n gratuita y sin compromiso de su caso. No pagar\u00e1 nada por empezar a trabajar en su demanda, y no habr\u00e1 honorarios a menos que nuestros abogados especializados en lesiones personales en Concord, Carolina del Norte, ganen su caso.<\/p>\n","protected":false},"excerpt":{"rendered":"<p>Sufrir una lesi\u00f3n por el descuido de otra persona es tan estresante como doloroso. Las facturas m\u00e9dicas llegan a diario mientras t\u00fa no puedes ganar dinero en el trabajo, y las compa\u00f1\u00edas de seguros te presionan para que aceptes menos de lo que te corresponde. Sin embargo, contar con la ayuda de un abogado con [&hellip;]<\/p>\n","protected":false},"author":56,"featured_media":82994,"parent":0,"menu_order":38,"comment_status":"closed","ping_status":"closed","template":"","meta":{"_acf_changed":false,"anchor_text":"","footnotes":""},"class_list":["post-82995","page","type-page","status-publish","has-post-thumbnail","hentry"],"acf":[],"_links":{"self":[{"href":"https:\/\/drtedinjurylaw.com\/es\/wp-json\/wp\/v2\/pages\/82995","targetHints":{"allow":["GET"]}}],"collection":[{"href":"https:\/\/drtedinjurylaw.com\/es\/wp-json\/wp\/v2\/pages"}],"about":[{"href":"https:\/\/drtedinjurylaw.com\/es\/wp-json\/wp\/v2\/types\/page"}],"author":[{"embeddable":true,"href":"https:\/\/drtedinjurylaw.com\/es\/wp-json\/wp\/v2\/users\/56"}],"replies":[{"embeddable":true,"href":"https:\/\/drtedinjurylaw.com\/es\/wp-json\/wp\/v2\/comments?post=82995"}],"version-history":[{"count":2,"href":"https:\/\/drtedinjurylaw.com\/es\/wp-json\/wp\/v2\/pages\/82995\/revisions"}],"predecessor-version":[{"id":82999,"href":"https:\/\/drtedinjurylaw.com\/es\/wp-json\/wp\/v2\/pages\/82995\/revisions\/82999"}],"wp:featuredmedia":[{"embeddable":true,"href":"https:\/\/drtedinjurylaw.com\/es\/wp-json\/wp\/v2\/media\/82994"}],"wp:attachment":[{"href":"https:\/\/drtedinjurylaw.com\/es\/wp-json\/wp\/v2\/media?parent=82995"}],"curies":[{"name":"wp","href":"https:\/\/api.w.org\/{rel}","templated":true}]}}