{"id":82991,"date":"2025-08-13T06:39:58","date_gmt":"2025-08-13T06:39:58","guid":{"rendered":"https:\/\/drtedinjurylaw.com\/abogado-especializado-en-lesiones-personales-en-raleigh\/"},"modified":"2026-05-01T15:09:18","modified_gmt":"2026-05-01T15:09:18","slug":"oficina-en-raleigh","status":"publish","type":"page","link":"https:\/\/drtedinjurylaw.com\/es\/oficina-en-raleigh\/","title":{"rendered":"Abogado especializado en lesiones personales en Raleigh"},"content":{"rendered":"<p>El bufete Dr. Ted Injury Law, convenientemente ubicado en 608 West Johnson St., Suite 25, es un bufete de abogados especializado en lesiones personales de confianza que presta sus servicios a la comunidad de Raleigh, Carolina del Norte. Nuestro bufete se basa en la experiencia, la dedicaci\u00f3n y el compromiso de ayudar a las personas lesionadas a superar algunos de los momentos m\u00e1s dif\u00edciles de sus vidas. Con m\u00e1s de una d\u00e9cada de experiencia legal, nuestros abogados han representado con \u00e9xito a clientes en una amplia variedad de casos de lesiones personales.<\/p>\n<p>Ofrecemos asesoramiento legal especializado a v\u00edctimas de accidentes automovil\u00edsticos, resbalones y ca\u00eddas, y otras lesiones graves causadas por negligencia. Nuestro equipo entiende que un accidente puede afectar todos los aspectos de su vida, desde su salud f\u00edsica hasta su estabilidad financiera. Por eso trabajamos con determinaci\u00f3n para conseguir la indemnizaci\u00f3n completa que usted se merece. Esto incluye la cobertura de los gastos m\u00e9dicos, los salarios perdidos, las necesidades de tratamiento futuras y el dolor y sufrimiento que ha padecido.<\/p>\n<p>En Dr. Ted Injury Law, adoptamos un enfoque centrado en el cliente, ofreciendo una atenci\u00f3n personalizada y una comunicaci\u00f3n clara a lo largo de todo el proceso. Nos encargamos de las complejidades legales para que usted pueda centrarse en su recuperaci\u00f3n, mientras defendemos sus intereses en cada paso del camino.<\/p>\n<p>Si ha sufrido una lesi\u00f3n y no sabe a qui\u00e9n acudir, estamos aqu\u00ed para ayudarle. <a href=\"tel:+18006937833\"><i class=\"fa fa-phone-alt\"><\/i>(800) 693-7833<\/a> Llame hoy mismo al para hablar con uno de nuestros abogados expertos en lesiones personales. Analizaremos su caso, responderemos a sus preguntas y le ayudaremos a comprender sus opciones legales. <a href=\"tel:+18006937833\"><i class=\"fa fa-phone-alt\"><\/i>(800) 693-7833<\/a><\/p>\n<div id=\"mttContainer\" class=\"notranslate\" style=\"transform: translate(755px, 51px);\" aria-expanded=\"true\">\n<div id=\"tippy-1\" style=\"z-index: 100000200; visibility: visible; position: absolute; inset: 0px auto auto 0px; margin: 0px; transform: translate(399px, 20px);\" data-tippy-root=\"\">\n<div class=\"tippy-box\" style=\"max-width: 350px; transition-duration: 300ms;\" tabindex=\"-1\" role=\"mtttooltip\" data-state=\"visible\" data-theme=\"custom\" data-animation=\"fade\" data-placement=\"bottom\">\n<div class=\"tippy-content\" style=\"transition-duration: 300ms;\" data-state=\"visible\"><span dir=\"ltr\">Our firm is built on experience, dedication and commitment to helping injured people overcome some of the most difficult times of their lives.<\/span><\/div>\n<div class=\"tippy-arrow\" style=\"position: absolute; left: 0px; transform: translate(92px, 0px);\"><\/div>\n<\/div>\n<\/div>\n<\/div>\n","protected":false},"excerpt":{"rendered":"<p>El bufete Dr. Ted Injury Law, convenientemente ubicado en 608 West Johnson St., Suite 25, es un bufete de abogados especializado en lesiones personales de confianza que presta sus servicios a la comunidad de Raleigh, Carolina del Norte. Nuestro bufete se basa en la experiencia, la dedicaci\u00f3n y el compromiso de ayudar a las personas [&hellip;]<\/p>\n","protected":false},"author":56,"featured_media":82943,"parent":0,"menu_order":41,"comment_status":"closed","ping_status":"closed","template":"","meta":{"_acf_changed":false,"anchor_text":"","footnotes":""},"class_list":["post-82991","page","type-page","status-publish","has-post-thumbnail","hentry"],"acf":[],"_links":{"self":[{"href":"https:\/\/drtedinjurylaw.com\/es\/wp-json\/wp\/v2\/pages\/82991","targetHints":{"allow":["GET"]}}],"collection":[{"href":"https:\/\/drtedinjurylaw.com\/es\/wp-json\/wp\/v2\/pages"}],"about":[{"href":"https:\/\/drtedinjurylaw.com\/es\/wp-json\/wp\/v2\/types\/page"}],"author":[{"embeddable":true,"href":"https:\/\/drtedinjurylaw.com\/es\/wp-json\/wp\/v2\/users\/56"}],"replies":[{"embeddable":true,"href":"https:\/\/drtedinjurylaw.com\/es\/wp-json\/wp\/v2\/comments?post=82991"}],"version-history":[{"count":3,"href":"https:\/\/drtedinjurylaw.com\/es\/wp-json\/wp\/v2\/pages\/82991\/revisions"}],"predecessor-version":[{"id":83409,"href":"https:\/\/drtedinjurylaw.com\/es\/wp-json\/wp\/v2\/pages\/82991\/revisions\/83409"}],"wp:featuredmedia":[{"embeddable":true,"href":"https:\/\/drtedinjurylaw.com\/es\/wp-json\/wp\/v2\/media\/82943"}],"wp:attachment":[{"href":"https:\/\/drtedinjurylaw.com\/es\/wp-json\/wp\/v2\/media?parent=82991"}],"curies":[{"name":"wp","href":"https:\/\/api.w.org\/{rel}","templated":true}]}}