{"id":74183,"date":"2025-08-11T11:17:56","date_gmt":"2025-08-11T11:17:56","guid":{"rendered":"https:\/\/drtedinjurylaw.com\/?page_id=1017"},"modified":"2026-05-01T14:45:23","modified_gmt":"2026-05-01T14:45:23","slug":"abogados-de-negligencia-medica-en-charlotte","status":"publish","type":"page","link":"https:\/\/drtedinjurylaw.com\/es\/abogado-de-lesiones-personales-de-charlotte\/abogados-de-negligencia-medica-en-charlotte\/","title":{"rendered":"Abogados De Negligencia M\u00e9dica En Charlotte"},"content":{"rendered":"<p>Cuando trabajas con abogados de negligencia m\u00e9dica en Charlotte, es probable que ya est\u00e9s en medio de tu recuperaci\u00f3n. Eso no significa que tu m\u00e9dico no tenga responsabilidad. Muchas personas descubren la negligencia m\u00e9dica durante su recuperaci\u00f3n. Si eres v\u00edctima de negligencia m\u00e9dica, entonces necesitas orientaci\u00f3n legal.<\/p>\n<p>Un abogado en negligencia m\u00e9dica puede ayudarte a explorar opciones legales y aliviar algo del estr\u00e9s que conlleva una atenci\u00f3n m\u00e9dica deficiente.<\/p>\n<p>Un abogado de negligencia m\u00e9dica de las oficinas de Dr. Ted Injury Law podr\u00eda ayudarlo a identificar si el mal manejo de su atenci\u00f3n fue un evento aislado o parte de un patr\u00f3n. Tambi\u00e9n usted tendr\u00e1 acceso a recursos que son casi imposibles de alcanzar para las personas que presentan su caso por su cuenta.<\/p>\n<figure id=\"attachment_23005\" aria-describedby=\"caption-attachment-23005\" style=\"width: 740px\" class=\"wp-caption aligncenter\"><img fetchpriority=\"high\" decoding=\"async\" class=\"wp-image-23005 size-full\" src=\"https:\/\/drtedinjurylaw.com\/wp-content\/uploads\/2025\/11\/gl-wrongful-death-1-2.jpg\" alt=\"A doctor reading a notebook realizing he has made a mistake.\" width=\"740\" height=\"416\" srcset=\"https:\/\/drtedinjurylaw.com\/wp-content\/uploads\/2025\/11\/gl-wrongful-death-1-2.jpg 740w, https:\/\/drtedinjurylaw.com\/wp-content\/uploads\/2025\/11\/gl-wrongful-death-1-2-300x169.jpg 300w\" sizes=\"(max-width: 740px) 100vw, 740px\" \/><figcaption id=\"caption-attachment-23005\" class=\"wp-caption-text\">Busque una compensaci\u00f3n con Dr. Ted Injury Law despu\u00e9s de una lesi\u00f3n sufrida por negligencia m\u00e9dica.<\/figcaption><\/figure>\n<p>Si sufri\u00f3 m\u00e1s lesiones, recibi\u00f3 el tratamiento o la prescripci\u00f3n incorrectos o sufri\u00f3 da\u00f1os a manos de profesionales m\u00e9dicos, debe tomar medidas <a href=\"https:\/\/drtedinjurylaw.com\/es\/abogado-de-lesiones-personales-de-charlotte\/\">legales apoyado de un abogado de lesiones personales de Charlotte<\/a>. Es probable que incluso si su caso fue un evento aislado, fue tanto prevenible como evitable. Utilice los recursos que tiene disponibles para corregir esta situaci\u00f3n. Obtenga ayuda durante su recuperaci\u00f3n y conf\u00ede en profesionales.<\/p>\n<p>Despu\u00e9s de experimentar una negligencia m\u00e9dica, es probable que no solo est\u00e9 sufriendo f\u00edsicamente sino tambi\u00e9n econ\u00f3micamente. Muchas veces, la \u00fanica posibilidad de una recuperaci\u00f3n total es buscar una compensaci\u00f3n para aliviar tambi\u00e9n el estr\u00e9s de la lucha financiera. Llame a nuestras oficinas hoy al\u00a0<a href=\"tel:+18006937833\"><i class=\"fa fa-phone-alt\"><\/i>(800) 693-7833<\/a>\u00a0y hable con nuestros expertos. Ofrecemos una consulta gratuita libre de riesgos que le permitir\u00e1 obtener respuestas a sus preguntas sin compromiso.<\/p>\n<h2>\u00bfQu\u00e9 es la Negligencia M\u00e9dica?<\/h2>\n<p>Si su tratamiento no sale seg\u00fan lo planeado o el tratamiento prometido simplemente no funciona, eso no significa que sea v\u00edctima de negligencia. La mala pr\u00e1ctica se basa en algunos problemas fundamentales que el paciente debe probar.<\/p>\n<p><img decoding=\"async\" class=\"aligncenter wp-image-32355 size-full\" src=\"https:\/\/drtedinjurylaw.com\/wp-content\/uploads\/2025\/12\/INFO-11-5-min-1-1.png\" alt=\"Dr. Ted Charlotte Medical Malpractice Infographic\" width=\"800\" height=\"2000\" srcset=\"https:\/\/drtedinjurylaw.com\/wp-content\/uploads\/2025\/12\/INFO-11-5-min-1-1.png 800w, https:\/\/drtedinjurylaw.com\/wp-content\/uploads\/2025\/12\/INFO-11-5-min-1-1-120x300.png 120w, https:\/\/drtedinjurylaw.com\/wp-content\/uploads\/2025\/12\/INFO-11-5-min-1-1-410x1024.png 410w, https:\/\/drtedinjurylaw.com\/wp-content\/uploads\/2025\/12\/INFO-11-5-min-1-1-768x1920.png 768w, https:\/\/drtedinjurylaw.com\/wp-content\/uploads\/2025\/12\/INFO-11-5-min-1-1-614x1536.png 614w\" sizes=\"(max-width: 800px) 100vw, 800px\" \/><\/p>\n<p>En un caso de mala praxis, debes trabajar con un abogado para demostrar lo siguiente:<\/p>\n<ol>\n<li>Que el m\u00e9dico involucrado ten\u00eda una obligaci\u00f3n de cuidado hacia ti y que exist\u00eda una relaci\u00f3n m\u00e9dico-paciente.<\/li>\n<li>Que el m\u00e9dico incumpli\u00f3 o viol\u00f3 su deber de cuidado.<\/li>\n<li>Que tus lesiones, enfermedad o recuperaci\u00f3n prolongada est\u00e1n directamente relacionadas con la negligencia del m\u00e9dico.<\/li>\n<li>Que la atenci\u00f3n m\u00e9dica ocasion\u00f3 da\u00f1os.<\/li>\n<\/ol>\n<p>La negligencia m\u00e9dica te da derecho a recibir compensaci\u00f3n por casos de lesiones y muerte injusta. Existe una diferencia entre un error m\u00e9dico y la negligencia. Recientemente,\u00a0<a href=\"https:\/\/www.hopkinsmedicine.org\/news\/media\/releases\/study_suggests_medical_errors_now_third_leading_cause_of_death_in_the_us\" target=\"_blank\" rel=\"noopener\">la Escuela de Medicina de la Universidad John Hopkins<\/a>\u00a0public\u00f3 que los errores m\u00e9dicos probablemente representan un tercio de las principales causas de muerte en los EE. UU. Es posible que los errores m\u00e9dicos representen m\u00e1s de 250,000 por a\u00f1o.<\/p>\n<p>En general, las lesiones y da\u00f1os relacionados con la mala praxis m\u00e9dica solo tienen una\u00a0<a href=\"https:\/\/www.ncleg.net\/EnactedLegislation\/Statutes\/HTML\/BySection\/Chapter_1\/GS_1-15.html\" target=\"_blank\" rel=\"noopener\">ventana de tres a\u00f1os para presentar una reclamaci\u00f3n<\/a>. Sin embargo, si eres la familia de una persona que ha muerto debido a una mala praxis, solo tienes dos a\u00f1os para decidir si vas a presentar una reclamaci\u00f3n.<\/p>\n<p>Hay muy pocas excepciones a esta regla; son las siguientes:<\/p>\n<ul>\n<li>El paciente era menor de edad cuando ocurri\u00f3 el incidente de negligencia.<\/li>\n<li>Las lesiones se retrasaron o tomaron m\u00e1s tiempo del plazo para presentar un informe para aparecer.<\/li>\n<li>El cirujano deja un objeto en el cuerpo del paciente como parte de un procedimiento.<\/li>\n<\/ul>\n<h2>\u00bfC\u00f3mo encontrar los mejores abogados de mala praxis m\u00e9dica en Charlotte?<\/h2>\n<p>La atenci\u00f3n m\u00e9dica no es simple. Los m\u00e9dicos y otros profesionales m\u00e9dicos a menudo toman decisiones basadas en la informaci\u00f3n que tienen en ese momento. Sin embargo, la mayor\u00eda de los errores m\u00e9dicos y las lesiones que sufres a causa de ellos son prevenibles. Si un procedimiento sale mal o una receta no es correcta, eso es mala praxis m\u00e9dica.<\/p>\n<p>Si crees que eres v\u00edctima de negligencia m\u00e9dica, comun\u00edcate de inmediato con nuestros abogados de mala praxis m\u00e9dica en Charlotte. Tambi\u00e9n puedes obtener la ayuda de un abogado para un miembro de tu familia. Dar ese primer paso a menudo puede llevar a una lucha justa por la compensaci\u00f3n que t\u00fa o tu miembro de la familia merecen.<\/p>\n<p>Debes considerar cu\u00e1nto esfuerzo pondr\u00e1 el m\u00e9dico, el hospital o el consejo pr\u00e1ctico en su defensa. Estos casos suelen ser objeto de una fuerte controversia y pueden volverse bastante hostiles. \u00bfPor qu\u00e9? Estos casos tienen mucho en juego para los profesionales m\u00e9dicos involucrados. Es su sustento. En casos a\u00fan m\u00e1s complejos, necesitar\u00e1s un equipo de abogados trabajando en tu caso.<\/p>\n<p>Otro factor a tener en cuenta es que tus da\u00f1os no van a detenerse el d\u00eda en que recibas tu acuerdo. Muchos casos de mala praxis m\u00e9dica deben tener en cuenta el sufrimiento y el dolor que probablemente seguir\u00e1n a la v\u00edctima en los a\u00f1os venideros: trabajando con un enfoque centrado en el cliente, utilizamos expertos econ\u00f3micos y m\u00e9dicos para calcular la cantidad de compensaci\u00f3n objetivo.<\/p>\n<p>Los expertos son necesarios para identificar y predecir con precisi\u00f3n los costos de la atenci\u00f3n m\u00e9dica futura, la rehabilitaci\u00f3n, la p\u00e9rdida de salarios y muchos aspectos del dolor y el sufrimiento.<\/p>\n<p>Construimos casos buscando una cantidad completa y justa de compensaci\u00f3n para muchos tipos de negligencia m\u00e9dica. Entre nuestros casos se encuentran:<\/p>\n<ul>\n<li>V\u00edctimas que experimentan lesiones cerebrales graves o muerte debido a la falta de intubaci\u00f3n adecuada.<\/li>\n<li>Un error quir\u00fargico que resulta en la p\u00e9rdida de la funci\u00f3n de un \u00f3rgano o en la muerte.<\/li>\n<li>Infecci\u00f3n por negligencia del hospital que resulta en muerte.<\/li>\n<li>No diagnosticar adecuadamente a un paciente o no tratar adecuadamente un desprendimiento de retina, lo que resulta en ceguera.<\/li>\n<li>Errores m\u00e9dicos que resultan en muerte o lesiones graves.<\/li>\n<li>Lesiones relacionadas con ca\u00eddas y fracturas, resultado de falta de supervisi\u00f3n del personal del hospital.<\/li>\n<li>Cuidado nutricional inadecuado que resulta en muerte por desnutrici\u00f3n, falta de hidrataci\u00f3n u otros problemas relacionados.<\/li>\n<li>El personal m\u00e9dico no pudo prevenir o tratar \u00falceras por presi\u00f3n, lo que result\u00f3 en muerte.<\/li>\n<li>No retirar todos los objetos extra\u00f1os durante o despu\u00e9s de una cirug\u00eda que result\u00f3 en muerte o lesi\u00f3n.<\/li>\n<li>No diagnosticar o tratar un bloqueo card\u00edaco.<\/li>\n<li>Negligencia durante el parto que resulta en lesiones de nacimiento.<\/li>\n<li>Negligencia durante el cuidado postparto que resulta en lesiones o muerte.<\/li>\n<\/ul>\n<h2>\u00bfCu\u00e1les son los diferentes tipos de negligencia m\u00e9dica?<\/h2>\n<p>Durante nuestra investigaci\u00f3n y esfuerzo por descubrir errores en la pr\u00e1ctica m\u00e9dica, nos enfrentamos a una amplia variedad de tipos de negligencia m\u00e9dica.<\/p>\n<h3>Diagn\u00f3stico err\u00f3neo o diagn\u00f3stico tard\u00edo<\/h3>\n<p>Un m\u00e9dico no puede tratarte correctamente si no hace el diagn\u00f3stico correcto. Si un m\u00e9dico no detect\u00f3 tu condici\u00f3n o retras\u00f3 en informarte y esto result\u00f3 en un tratamiento tard\u00edo, puede que tengas un caso de diagn\u00f3stico err\u00f3neo. Para las v\u00edctimas que recibieron un diagn\u00f3stico equivocado, es probable que hayan sido sometidos a un tratamiento innecesario e ineficaz, lo que result\u00f3 en un mayor da\u00f1o. Nuestros abogados pueden buscar una compensaci\u00f3n completa y justa de manera agresiva.<\/p>\n<h3>Errores en la medicaci\u00f3n<\/h3>\n<p>Desde el diagn\u00f3stico hasta la recuperaci\u00f3n, puedes experimentar un error en la medicaci\u00f3n en cualquier momento. Es posible que un m\u00e9dico escriba incorrectamente la prescripci\u00f3n o la escriba para una dosis inapropiada. Luego est\u00e1 el riesgo de que los farmac\u00e9uticos cometan un error al llenar la receta. Adem\u00e1s, una enfermera puede administrar incorrectamente el medicamento. Con la medicaci\u00f3n, hay mucho margen para el error, y estos errores pueden resultar en lesiones y muerte.<\/p>\n<h3>Errores quir\u00fargicos<\/h3>\n<p>Es un pensamiento terrible, y aunque estos incidentes nunca deber\u00edan suceder, suceden con frecuencia. Problemas como operar en la parte del cuerpo equivocada o incluso en el paciente equivocado suceden. Ejemplos de esto incluyen realizar una cirug\u00eda en el brazo izquierdo en lugar del derecho.<\/p>\n<p>Otro ejemplo com\u00fan de errores quir\u00fargicos incluye dejar herramientas o equipos quir\u00fargicos dentro del cuerpo. Esto a menudo muestra negligencia no solo por parte del cirujano sino tambi\u00e9n del personal circundante. Una falla adicional por parte del personal m\u00e9dico puede resultar en infecci\u00f3n por cirug\u00eda, lo que puede ser mortal. Cuando una falla quir\u00fargica resulta en la muerte, es probable que necesites la ayuda de un\u00a0<a href=\"https:\/\/drtedinjurylaw.com\/es\/abogado-de-lesiones-personales-de-charlotte\/abogado-de-muerte-injusta-en-charlotte\/\">abogado de muerte por negligencia en Charlotte<\/a>.<\/p>\n<figure id=\"attachment_23010\" aria-describedby=\"caption-attachment-23010\" style=\"width: 740px\" class=\"wp-caption aligncenter\"><img decoding=\"async\" class=\"wp-image-23010 size-full\" src=\"https:\/\/drtedinjurylaw.com\/wp-content\/uploads\/2025\/11\/stewart-wood-personal-injury-expenses-1-2.jpg\" alt=\"A medical professional reviewing an X-Ray.\" width=\"740\" height=\"416\" srcset=\"https:\/\/drtedinjurylaw.com\/wp-content\/uploads\/2025\/11\/stewart-wood-personal-injury-expenses-1-2.jpg 740w, https:\/\/drtedinjurylaw.com\/wp-content\/uploads\/2025\/11\/stewart-wood-personal-injury-expenses-1-2-300x169.jpg 300w\" sizes=\"(max-width: 740px) 100vw, 740px\" \/><figcaption id=\"caption-attachment-23010\" class=\"wp-caption-text\">Los errores durante la cirug\u00eda pueden ser extremadamente perjudiciales para su salud. Si experiment\u00f3 uno de estos accidentes, comun\u00edquese con Dr. Ted Injury Law.<\/figcaption><\/figure>\n<h2>Errores en la sala de emergencias<\/h2>\n<p>Hay poco margen de error en las salas de emergencia, pero la urgencia y la situaci\u00f3n cr\u00edtica en la que se encuentra el paciente a menudo llevan a los m\u00e9dicos a tomar decisiones irracionales. Cuando un profesional m\u00e9dico realiza un examen y un diagn\u00f3stico apresurado, puede llevar a un tratamiento inexacto. Otras veces, los pacientes enfermos son dados de alta inapropiadamente cuando realmente deber\u00edan haber sido hospitalizados.<\/p>\n<h3>Errores de comunicaci\u00f3n o en el historial cl\u00ednico<\/h3>\n<p>Uno de los tipos de error m\u00e1s comunes incluye errores de comunicaci\u00f3n. Si bien los m\u00e9dicos y enfermeras conf\u00edan en los historiales cl\u00ednicos para obtener informaci\u00f3n, es com\u00fan que se produzcan errores de transcripci\u00f3n y mala letra. La transposici\u00f3n de n\u00fameros en la fecha de nacimiento o peso puede tener efectos graves. Otra informaci\u00f3n, como las alergias y los medicamentos que est\u00e1 tomando el paciente, puede tener un impacto potencialmente mortal. La atenci\u00f3n m\u00e9dica depende tanto de la comunicaci\u00f3n que los proveedores de atenci\u00f3n m\u00e9dica que se basan \u00fanicamente en los historiales cl\u00ednicos corren el riesgo de causar m\u00e1s da\u00f1o.<\/p>\n<h3>Errores de anestesia<\/h3>\n<p>La anestesia es un requisito para la mayor\u00eda de las cirug\u00edas. Sin embargo, la anestesia requiere una administraci\u00f3n adecuada y una supervisi\u00f3n exhaustiva para ser segura. De lo contrario, el paciente sufrir\u00e1 alguna lesi\u00f3n y podr\u00eda morir. Los errores o fallas en la anestesia incluyen no revisar o comprender la historia m\u00e9dica del paciente. La historia m\u00e9dica de una persona podr\u00eda hacer que un anestesi\u00f3logo sea consciente de una afecci\u00f3n pendiente que hace que la anestesia sea peligrosa. Adem\u00e1s, si el hospital no proporcion\u00f3 al paciente informaci\u00f3n sobre las pr\u00e1cticas preoperatorias, pusieron al paciente en riesgo de reaccionar mal con la anestesia. Luego hay problemas m\u00e1s comunes con la anestesia, como proporcionar demasiado, demasiado poco o no monitorear al paciente cuando est\u00e1 inconsciente.<\/p>\n<h3>Infecciones<\/h3>\n<p>Aunque los hospitales son generalmente ambientes limpios, existe el riesgo de contraer una infecci\u00f3n mientras se encuentra en un hospital y especialmente despu\u00e9s de una cirug\u00eda. Los procedimientos que no se realizan bien, o que no siguen reglas espec\u00edficas, pueden provocar una infecci\u00f3n potencialmente mortal. El tipo de infecci\u00f3n m\u00e1s com\u00fan que se encuentra en los hospitales es una infecci\u00f3n del tracto urinario. A menudo, esta infecci\u00f3n proviene del uso de cat\u00e9teres. Otras infecciones comunes incluyen infecci\u00f3n en el sitio quir\u00fargico, en el sitio de entrada y de l\u00edneas centrales utilizadas para administrar medicamentos.<\/p>\n<h2>\u00bfCu\u00e1nto vale un caso de negligencia m\u00e9dica en Carolina del Norte?<\/h2>\n<p>No hay una cantidad est\u00e1ndar para una indemnizaci\u00f3n por negligencia m\u00e9dica. Necesitar\u00e1 trabajar con un abogado para identificar lo que es justo y lo que cubrir\u00eda completamente su contratiempo financiero que result\u00f3 de la negligencia. Cuando se re\u00fana con un abogado, lo ayudar\u00e1 a explorar e identificar tanto los da\u00f1os econ\u00f3micos como los no econ\u00f3micos.<\/p>\n<h3>Econ\u00f3mico<\/h3>\n<p>Estos da\u00f1os incluir\u00e1n obligaciones financieras y p\u00e9rdidas como facturas m\u00e9dicas y salarios perdidos. Adem\u00e1s, deber\u00e1 evaluar otros costos de tratamiento, como el transporte. En algunos casos, puede considerar p\u00e9rdidas alternativas, como la p\u00e9rdida de ingresos futuros.<\/p>\n<h3>No econ\u00f3mico<\/h3>\n<p>Los da\u00f1os no econ\u00f3micos incluyen dolor y sufrimiento, as\u00ed como la p\u00e9rdida de reputaci\u00f3n. En Carolina del Norte, hay un l\u00edmite para los da\u00f1os no econ\u00f3micos de $545,144, pero aquellos que est\u00e1n permanentemente lesionados o desfigurados no tienen esta restricci\u00f3n. Estos son para casos extremos, pero a menudo buscar\u00e1 cierto grado de compensaci\u00f3n por da\u00f1os no econ\u00f3micos.<\/p>\n<h2>Contacte a abogados de negligencia m\u00e9dica en Charlotte, Carolina del Norte para una consulta gratuita<\/h2>\n<p>En\u00a0<a href=\"https:\/\/drtedinjurylaw.com\/es\/nuestra-empresa\/\">Dr. Ted Injury Law<\/a>, nuestros miembros del equipo aportan un equilibrio de conocimientos, habilidades y recursos en cada caso. Entienden que cada caso es \u00fanico, pero que vienen con dificultades similares, como lidiar con la junta m\u00e9dica y las v\u00edctimas lesionadas.<\/p>\n<p>Elija trabajar con un abogado o un equipo de abogados que se centrar\u00e1 en su caso. Sabemos que este incidente ha tenido un efecto sustancial en su vida y que un cheque no revertir\u00e1 el da\u00f1o.<\/p>\n<p>El incidente de negligencia m\u00e9dica continuar\u00e1 impact\u00e1ndolo mucho despu\u00e9s de que su caso se resuelva o cierre. Como un bufete de abogados bien establecido en Charlotte, Carolina del Norte, tenemos los recursos para atender casos que son demasiado complicados para que un solo abogado los asuma. Nuestros abogados de negligencia m\u00e9dica en Charlotte trabajan regularmente juntos, y ese trabajo en equipo a menudo conduce a un caso bien estructurado.<\/p>\n<p>Llame ahora para programar una consulta gratuita <a href=\"tel:+18006937833\"><i class=\"fa fa-phone-alt\"><\/i>(800) 693-7833<\/a>. Dr. Ted Injury Law sirve a v\u00edctimas de negligencia m\u00e9dica en toda el \u00e1rea de Charlotte, Carolina del Norte. Sabemos que desea una compensaci\u00f3n justa y completa por el dolor que ha experimentado a manos de un profesional. Durante esta consulta gratuita, podemos discutir los detalles de su atenci\u00f3n m\u00e9dica, caso y sus objetivos de compensaci\u00f3n.<\/p>\n","protected":false},"excerpt":{"rendered":"<p>Cuando trabajas con abogados de negligencia m\u00e9dica en Charlotte, es probable que ya est\u00e9s en medio de tu recuperaci\u00f3n. Eso no significa que tu m\u00e9dico no tenga responsabilidad. Muchas personas descubren la negligencia m\u00e9dica durante su recuperaci\u00f3n. Si eres v\u00edctima de negligencia m\u00e9dica, entonces necesitas orientaci\u00f3n legal. Un abogado en negligencia m\u00e9dica puede ayudarte a [&hellip;]<\/p>\n","protected":false},"author":22,"featured_media":44374,"parent":83057,"menu_order":57,"comment_status":"closed","ping_status":"closed","template":"","meta":{"_acf_changed":false,"anchor_text":"","footnotes":""},"class_list":["post-74183","page","type-page","status-publish","has-post-thumbnail","hentry"],"acf":[],"_links":{"self":[{"href":"https:\/\/drtedinjurylaw.com\/es\/wp-json\/wp\/v2\/pages\/74183","targetHints":{"allow":["GET"]}}],"collection":[{"href":"https:\/\/drtedinjurylaw.com\/es\/wp-json\/wp\/v2\/pages"}],"about":[{"href":"https:\/\/drtedinjurylaw.com\/es\/wp-json\/wp\/v2\/types\/page"}],"author":[{"embeddable":true,"href":"https:\/\/drtedinjurylaw.com\/es\/wp-json\/wp\/v2\/users\/22"}],"replies":[{"embeddable":true,"href":"https:\/\/drtedinjurylaw.com\/es\/wp-json\/wp\/v2\/comments?post=74183"}],"version-history":[{"count":5,"href":"https:\/\/drtedinjurylaw.com\/es\/wp-json\/wp\/v2\/pages\/74183\/revisions"}],"predecessor-version":[{"id":83403,"href":"https:\/\/drtedinjurylaw.com\/es\/wp-json\/wp\/v2\/pages\/74183\/revisions\/83403"}],"up":[{"embeddable":true,"href":"https:\/\/drtedinjurylaw.com\/es\/wp-json\/wp\/v2\/pages\/83057"}],"wp:featuredmedia":[{"embeddable":true,"href":"https:\/\/drtedinjurylaw.com\/es\/wp-json\/wp\/v2\/media\/44374"}],"wp:attachment":[{"href":"https:\/\/drtedinjurylaw.com\/es\/wp-json\/wp\/v2\/media?parent=74183"}],"curies":[{"name":"wp","href":"https:\/\/api.w.org\/{rel}","templated":true}]}}