{"id":74182,"date":"2025-08-11T11:11:53","date_gmt":"2025-08-11T11:11:53","guid":{"rendered":"https:\/\/drtedinjurylaw.com\/?page_id=1010"},"modified":"2026-05-01T15:07:43","modified_gmt":"2026-05-01T15:07:43","slug":"abogado-de-muerte-injusta-en-charlotte","status":"publish","type":"page","link":"https:\/\/drtedinjurylaw.com\/es\/abogado-de-lesiones-personales-de-charlotte\/abogado-de-muerte-injusta-en-charlotte\/","title":{"rendered":"Abogado De Muerte Injusta En Charlotte"},"content":{"rendered":"<p>La muerte de un ser querido es siempre una experiencia dolorosa. Cuando esta muerte llega a manos de otra persona, el dolor puede aumentar significativamente. Desafortunadamente, esto sucede con demasiada frecuencia en Charlotte. Independientemente de si su ser querido muri\u00f3 en un accidente automovil\u00edstico, en el trabajo o a manos de un profesional m\u00e9dico, un abogado de muerte por negligencia de Charlotte con Dr. Ted Injury Law est\u00e1 aqu\u00ed para ayudarlo a obtener la compensaci\u00f3n que merece.<\/p>\n<p>Si ha perdido a un ser querido debido a la negligencia de un profesional m\u00e9dico, nuestros\u00a0<a href=\"https:\/\/drtedinjurylaw.com\/es\/abogado-de-lesiones-personales-de-charlotte\/abogados-de-negligencia-medica-en-charlotte\/\">abogados de negligencia m\u00e9dica en Charlotte<\/a>\u00a0est\u00e1n aqu\u00ed para ayudarlo a encontrar justicia. Cuando acudimos a recibir tratamiento m\u00e9dico, lo hacemos con la expectativa de que los profesionales hagan su trabajo de manera apropiada. Cuando eso no sucede, necesita hablar con un experto.\u00a0Llame a nuestras oficinas hoy mismo al <a href=\"tel:+18006937833\"><i class=\"fa fa-phone-alt\"><\/i>(800) 693-7833<\/a>\u00a0para hablar con nuestros abogados sobre su caso. No importa c\u00f3mo haya sido asesinado su ser querido, lucharemos por usted.<\/p>\n<h2>Investigaci\u00f3n del Hospital Infantil de la UNC<\/h2>\n<p>Una reciente investigaci\u00f3n realizada por el New York Times ha revelado una situaci\u00f3n alarmante en el programa de cirug\u00eda de coraz\u00f3n pedi\u00e1trica del Hospital Infantil de la UNC en Chapel Hill, Carolina del Norte, entre 2013 y 2017, lo que ha provocado una investigaci\u00f3n por parte del Secretario de Salud de Carolina del Norte. A trav\u00e9s de su investigaci\u00f3n, basada en grabaciones secretas de reuniones del personal de cardiolog\u00eda, el Times descubri\u00f3 que los cardi\u00f3logos que diagnosticaban afecciones card\u00edacas estaban preocupados por referir a los pacientes al equipo interno de cirujanos debido al n\u00famero de resultados desfavorables que se estaban produciendo. Adem\u00e1s, muchos de ellos expresaron dudas, e incluso rechazo total, sobre si permitir\u00edan que sus propios hijos fueran sometidos a cirug\u00edas en el hospital donde trabajaban.<\/p>\n<p><img fetchpriority=\"high\" decoding=\"async\" class=\"aligncenter wp-image-32495 size-full\" src=\"https:\/\/drtedinjurylaw.com\/wp-content\/uploads\/2025\/12\/INFO-26-5-min-1-1.png\" alt=\"Dr. Ted Charlotte Wrongful Death Infographic\" width=\"800\" height=\"2000\" srcset=\"https:\/\/drtedinjurylaw.com\/wp-content\/uploads\/2025\/12\/INFO-26-5-min-1-1.png 800w, https:\/\/drtedinjurylaw.com\/wp-content\/uploads\/2025\/12\/INFO-26-5-min-1-1-120x300.png 120w, https:\/\/drtedinjurylaw.com\/wp-content\/uploads\/2025\/12\/INFO-26-5-min-1-1-410x1024.png 410w, https:\/\/drtedinjurylaw.com\/wp-content\/uploads\/2025\/12\/INFO-26-5-min-1-1-768x1920.png 768w, https:\/\/drtedinjurylaw.com\/wp-content\/uploads\/2025\/12\/INFO-26-5-min-1-1-614x1536.png 614w\" sizes=\"(max-width: 800px) 100vw, 800px\" \/><\/p>\n<p>Aunque los\u00a0<a href=\"https:\/\/www.uncchildrens.org\/uncmc\/unc-childrens\/care-treatment\/heart\/outcomes\/\" target=\"_blank\" rel=\"noopener\">datos de este per\u00edodo<\/a>\u00a0de tiempo no incluyen ajustes de riesgo, que proporcionan una medida m\u00e1s precisa del desempe\u00f1o, los n\u00fameros son alarmantes, con el programa consistentemente teniendo una tasa de mortalidad por encima del promedio nacional, a veces casi el doble. Desafortunadamente, los pacientes no fueron informados de estos problemas en el hospital, y el hospital no informa sus datos de mortalidad a la Sociedad de Cirujanos Tor\u00e1cicos como la mayor\u00eda de las otras instituciones. Si se hubiera hecho alguno de estos, los pacientes podr\u00edan haber buscado procedimientos quir\u00fargicos en otro lugar. En cambio, innecesariamente pusieron a los ni\u00f1os en riesgo para mantener la reputaci\u00f3n y la rentabilidad del hospital.<\/p>\n<p>Si su hijo fue sometido a un procedimiento quir\u00fargico card\u00edaco en el Hospital Infantil de la UNC en Chapel Hill y sufri\u00f3 complicaciones o incluso la muerte, contacte a un abogado de muerte injusta en Charlotte en Dr. Ted Injury Law hoy mismo. Como m\u00e9dico y abogado, enterarse de que las vidas de los ni\u00f1os se pusieron innecesariamente en riesgo es profundamente perturbador y exige que se busque justicia. Llame a nuestras oficinas hoy para una consulta sin riesgos con un abogado experimentado que luchar\u00e1 por responsabilizar a los responsables.<\/p>\n<h2>Muertes Injustas en Charlotte, NC<\/h2>\n<p>Siendo la ciudad m\u00e1s grande de Carolina del Norte y la decimos\u00e9ptima ciudad m\u00e1s grande de los Estados Unidos, Charlotte es un entorno animado para las grandes empresas y el transporte activo. Pero detr\u00e1s del vibrante paisaje urbano se encuentran muchas historias de angustia personal por casos de muerte por negligencia.<\/p>\n<p>La muerte por negligencia es la que resulta de la negligencia de otra persona, como un conductor negligente o un producto defectuoso del fabricante, por ejemplo. Hay muchos incidentes que pueden conducir a una muerte por negligencia que, lamentablemente, es muy com\u00fan en Charlotte.<\/p>\n<figure id=\"attachment_23174\" aria-describedby=\"caption-attachment-23174\" style=\"width: 740px\" class=\"wp-caption aligncenter\"><img decoding=\"async\" class=\"wp-image-23174 size-full\" src=\"https:\/\/drtedinjurylaw.com\/wp-content\/uploads\/2025\/11\/weinstein-lawrenceville-multi-car-1.jpg\" alt=\"Emergency workers helping people involved in a car accident\" width=\"740\" height=\"416\" srcset=\"https:\/\/drtedinjurylaw.com\/wp-content\/uploads\/2025\/11\/weinstein-lawrenceville-multi-car-1.jpg 740w, https:\/\/drtedinjurylaw.com\/wp-content\/uploads\/2025\/11\/weinstein-lawrenceville-multi-car-1-300x169.jpg 300w\" sizes=\"(max-width: 740px) 100vw, 740px\" \/><figcaption id=\"caption-attachment-23174\" class=\"wp-caption-text\">Auto accidents prove to be deadly too often. If you have lost a loved one because of this contact Dr. Ted Injury Law to pursue reimbursement.<\/figcaption><\/figure>\n<h3>Accidentes de carretera<\/h3>\n<p>Seg\u00fan\u00a0<a href=\"https:\/\/www.city-data.com\/\" target=\"_blank\" rel=\"noopener\">City-data.com<\/a>, solo en 2011 hubo 59 muertes por accidentes automovil\u00edsticos en la ciudad. Mientras tanto, el Centro de Investigaci\u00f3n de Seguridad Vial de Carolina del Norte informa que 12 personas tambi\u00e9n sufrieron lesiones fatales por accidentes relacionados con camiones en la ciudad en el mismo a\u00f1o. Un abogado de accidentes automovil\u00edsticos de Charlotte puede ayudarlo en cualquier caso que involucre un veh\u00edculo en una carretera en Carolina del Norte, independientemente de si result\u00f3 en muerte o no.<\/p>\n<h3>Incidentes en el lugar de trabajo<\/h3>\n<p>En 2011, se produjeron un total de 148 lesiones laborales mortales en Carolina del Norte, seg\u00fan la Oficina de Estad\u00edsticas Laborales. Esto no incluye ninguna lesi\u00f3n que no result\u00f3 en la muerte. Estos casos a menudo requieren la asistencia de un\u00a0<a href=\"https:\/\/drtedinjurylaw.com\/es\/abogado-de-lesiones-personales-de-charlotte\/abogado-de-compensacion-de-trabajadores-de-charlotte\/\">abogado de compensaci\u00f3n laboral en Charlotte<\/a>\u00a0si se niega el reclamo inicial.<\/p>\n<h3>Negligencia m\u00e9dica<\/h3>\n<p>El New England Journal of Medicine afirma que 4000 pacientes en los hospitales de Carolina del Norte mueren cada a\u00f1o debido a errores m\u00e9dicos prevenibles.\u00a0Los abogados de negligencia m\u00e9dica de Charlotte\u00a0est\u00e1n listos para ayudar a cualquier familia que sufra a manos de un profesional m\u00e9dico.<\/p>\n<h3>Otras causas<\/h3>\n<p>Otras causas incluyen accidentes por resbalones y ca\u00eddas, errores de medicaci\u00f3n y productos defectuosos. Si la muerte de su ser querido fue causada por alguno de estos eventos, un abogado de muerte por negligencia en Charlotte puede obtener una compensaci\u00f3n financiera.<\/p>\n<h2>\u00bfQu\u00e9 compensaci\u00f3n puedo reclamar por mi reclamo de muerte injusta?<\/h2>\n<p><a href=\"https:\/\/www.ncleg.net\/EnactedLegislation\/Statutes\/HTML\/BySection\/Chapter_28A\/GS_28A-18-2.html\" target=\"_blank\" rel=\"noopener\">Seg\u00fan las leyes de Carolina del Norte<\/a>, puede presentar y beneficiarse de un reclamo por muerte injusta si se considera heredero de la v\u00edctima. Los miembros de la familia, como el c\u00f3nyuge, los hijos o incluso los padres del fallecido, suelen estar calificados para hacer este reclamo. Hay dos tipos de compensaci\u00f3n que puede recibir: econ\u00f3mica y no econ\u00f3mica.<\/p>\n<h3>Compensaci\u00f3n econ\u00f3mica<\/h3>\n<p>This covers all related financial losses, including:<\/p>\n<ul>\n<li>Gastos funerarios<\/li>\n<li>Gastos m\u00e9dicos previos a la muerte de la v\u00edctima<\/li>\n<li>La p\u00e9rdida esperada de ingresos y beneficios materiales de la v\u00edctima<\/li>\n<\/ul>\n<h3>Compensaci\u00f3n no econ\u00f3mica<\/h3>\n<p>Esto se refiere al pago monetario por p\u00e9rdidas intangibles, como:<\/p>\n<ul>\n<li>Dolor y angustia mental<\/li>\n<li>P\u00e9rdida de compa\u00f1\u00eda<\/li>\n<li>P\u00e9rdida de entrenamiento y orientaci\u00f3n<\/li>\n<\/ul>\n<p>Tenga en cuenta que es posible que no sea el \u00fanico beneficiario que tiene derecho a ser compensado. Cuando hay m\u00faltiples beneficiarios, la divisi\u00f3n del premio de da\u00f1os puede complicarse mucho.<\/p>\n<p>Ser\u00eda mejor tener un abogado altamente capacitado que lo represente en todas las complejidades legales. Un buen abogado de muerte injusta puede determinar la compensaci\u00f3n m\u00e1xima a la que tiene derecho y luchar por ella en su nombre.<\/p>\n<h2>Reclamaciones de muerte por negligencia<\/h2>\n<p>Si alguien pierde la vida debido a la negligencia de otra parte, entonces el representante personal de esa persona puede buscar una compensaci\u00f3n a trav\u00e9s de un reclamo por muerte injusta.<\/p>\n<h3>\u00bfQui\u00e9n es el representante personal?<\/h3>\n<p>Un representante personal es la \u00fanica persona que puede presentar una demanda por homicidio culposo cuando alguien ha fallecido en Carolina del Norte. Por lo general, este es el albacea o administrador del testamento de la v\u00edctima, aunque si la v\u00edctima no dej\u00f3 un testamento, el tribunal designar\u00e1 a un representante personal. Suele ser un familiar cercano o un amigo personal. Para los menores, el padre suele ser el representante personal.<\/p>\n<p>El representante personal, seg\u00fan lo define la ley de Carolina del Norte, es la persona que distribuye cualquier premio que se otorga con un reclamo por muerte injusta. El representante debe asignar justamente la adjudicaci\u00f3n a los reclamantes por los gastos de funeral, entierro y m\u00e9dicos de la v\u00edctima. Los reclamos por muerte por negligencia ocurren en accidentes automovil\u00edsticos, reclamos de responsabilidad por productos defectuosos, accidentes industriales, ferrocarriles, accidentes, casos de negligencia m\u00e9dica y m\u00e1s.<\/p>\n<h3>\u00bfC\u00f3mo puede un abogado probar un caso de muerte por negligencia?<\/h3>\n<p>The first step in proving a wrongful death case is to establish liability, demonstrating that the at-fault party was negligent. You do this by proving that he or she had a responsibility to act responsibly to prevent injuries, that he or she failed to act responsibly in that capacity, and the irresponsible action or lack thereof is the cause of the death of the victim.<\/p>\n<p>The statute of limitations on wrongful death claims in North Carolina is two years. If you do not file a lawsuit for wrongful death within two years of the date of death, then you will lose your right to do so and will not be able to seek compensation in the future.<\/p>\n<figure id=\"attachment_23177\" aria-describedby=\"caption-attachment-23177\" style=\"width: 740px\" class=\"wp-caption aligncenter\"><img decoding=\"async\" class=\"wp-image-23177 size-full\" src=\"https:\/\/drtedinjurylaw.com\/wp-content\/uploads\/2025\/11\/jbj-lawrenceville-car-accidents-lawsuits.jpg\" alt=\"Two people reviewing a legal document\" width=\"740\" height=\"416\" \/><figcaption id=\"caption-attachment-23177\" class=\"wp-caption-text\">Contact a lawyer at Dr. Ted Injury Law for help filing your wrongful death claim.<\/figcaption><\/figure>\n<h2>\u00bfQu\u00e9 tipos de da\u00f1os est\u00e1n disponibles en casos de muerte por negligencia?<\/h2>\n<p>Hay muchos tipos diferentes de da\u00f1os que puede buscar cuando presenta una demanda por muerte injusta. El representante personal que presenta la demanda y reclama da\u00f1os y perjuicios por p\u00e9rdida de ingresos, p\u00e9rdida de servicio y afecto a los descendientes, gastos por tratamiento m\u00e9dico y gastos funerarios, angustia mental, p\u00e9rdida de apoyo y p\u00e9rdida de consorcio.<\/p>\n<p>Si bien los da\u00f1os intangibles como la p\u00e9rdida de apoyo y consorcio pueden ser dif\u00edciles de cuantificar, el tribunal intentar\u00e1 establecer una cantidad que sea justa y justa en funci\u00f3n de la evidencia presentada y la duraci\u00f3n y profundidad de las relaciones afectadas.<\/p>\n<p>Cuando recupera da\u00f1os en un caso de muerte por negligencia en Carolina del Norte, esos da\u00f1os se utilizar\u00e1n primero para cubrir obligaciones financieras como honorarios de abogados, gastos de entierro y costos m\u00e9dicos. Luego, el c\u00f3nyuge sobreviviente y los hijos de la v\u00edctima recibir\u00e1n pagos. Si no hay c\u00f3nyuge o hijo sobreviviente, entonces los padres y hermanos de la v\u00edctima reciben los pagos. Si hay un c\u00f3nyuge sobreviviente, pero no hay hijos, entonces el premio se dividir\u00e1 entre el c\u00f3nyuge sobreviviente y los padres de la v\u00edctima. El representante personal distribuir\u00e1 estos da\u00f1os.<\/p>\n<h2>Consulte con un abogado experimentado<\/h2>\n<p>Un buen abogado de lesiones no solo lucha en su nombre y le otorga la compensaci\u00f3n que realmente merece, sino que tambi\u00e9n se identifica y lo ayuda durante todo el proceso. Esta es una de las ventajas que encontrar\u00e1 con\u00a0<a href=\"https:\/\/drtedinjurylaw.com\/es\/nuestra-empresa\/\">Dr. Ted Injury Law<\/a>\u00a0Los abogados de la firma est\u00e1n respaldados por d\u00e9cadas de conocimiento y experiencia, pero tambi\u00e9n son conocidos por su compasi\u00f3n y compromiso con sus clientes.<\/p>\n<p>Ll\u00e1menos al <a href=\"tel:+18006937833\"><i class=\"fa fa-phone-alt\"><\/i>(800) 693-7833<\/a> hoy y hable con un abogado experto en muerte por negligencia de Charlotte sobre la muerte por negligencia de su ser querido. Lucharemos para obtener la compensaci\u00f3n que merece por la p\u00e9rdida de su ser querido.<\/p>\n<div id=\"mttContainer\" class=\"notranslate\" style=\"transform: translate(114px, 1570px);\" aria-expanded=\"false\"><\/div>\n","protected":false},"excerpt":{"rendered":"<p>La muerte de un ser querido es siempre una experiencia dolorosa. Cuando esta muerte llega a manos de otra persona, el dolor puede aumentar significativamente. Desafortunadamente, esto sucede con demasiada frecuencia en Charlotte. Independientemente de si su ser querido muri\u00f3 en un accidente automovil\u00edstico, en el trabajo o a manos de un profesional m\u00e9dico, un [&hellip;]<\/p>\n","protected":false},"author":22,"featured_media":44366,"parent":83057,"menu_order":45,"comment_status":"closed","ping_status":"closed","template":"","meta":{"_acf_changed":false,"anchor_text":"","footnotes":""},"class_list":["post-74182","page","type-page","status-publish","has-post-thumbnail","hentry"],"acf":[],"_links":{"self":[{"href":"https:\/\/drtedinjurylaw.com\/es\/wp-json\/wp\/v2\/pages\/74182","targetHints":{"allow":["GET"]}}],"collection":[{"href":"https:\/\/drtedinjurylaw.com\/es\/wp-json\/wp\/v2\/pages"}],"about":[{"href":"https:\/\/drtedinjurylaw.com\/es\/wp-json\/wp\/v2\/types\/page"}],"author":[{"embeddable":true,"href":"https:\/\/drtedinjurylaw.com\/es\/wp-json\/wp\/v2\/users\/22"}],"replies":[{"embeddable":true,"href":"https:\/\/drtedinjurylaw.com\/es\/wp-json\/wp\/v2\/comments?post=74182"}],"version-history":[{"count":3,"href":"https:\/\/drtedinjurylaw.com\/es\/wp-json\/wp\/v2\/pages\/74182\/revisions"}],"predecessor-version":[{"id":83408,"href":"https:\/\/drtedinjurylaw.com\/es\/wp-json\/wp\/v2\/pages\/74182\/revisions\/83408"}],"up":[{"embeddable":true,"href":"https:\/\/drtedinjurylaw.com\/es\/wp-json\/wp\/v2\/pages\/83057"}],"wp:featuredmedia":[{"embeddable":true,"href":"https:\/\/drtedinjurylaw.com\/es\/wp-json\/wp\/v2\/media\/44366"}],"wp:attachment":[{"href":"https:\/\/drtedinjurylaw.com\/es\/wp-json\/wp\/v2\/media?parent=74182"}],"curies":[{"name":"wp","href":"https:\/\/api.w.org\/{rel}","templated":true}]}}