{"id":74180,"date":"2025-08-11T11:10:57","date_gmt":"2025-08-11T11:10:57","guid":{"rendered":"https:\/\/drtedinjurylaw.com\/?page_id=984"},"modified":"2026-04-28T17:07:36","modified_gmt":"2026-04-28T17:07:36","slug":"abogado-de-accidentes-de-uber-en-charlotte","status":"publish","type":"page","link":"https:\/\/drtedinjurylaw.com\/es\/abogado-de-lesiones-personales-de-charlotte\/abogado-de-accidentes-de-uber-en-charlotte\/","title":{"rendered":"Abogado De Accidentes De Uber En Charlotte"},"content":{"rendered":"<p>El primer taxi moderno fue introducido en la ciudad de Nueva York en 1907. Con los a\u00f1os, la popularidad de los taxis como la de los servicios de autom\u00f3viles privados crec\u00edan, la mayor\u00eda se consideraba un servicio solo para la clase adinerada. El resto de la poblaci\u00f3n utilizaba el transporte p\u00fablico o caminaba. Durante la Administraci\u00f3n Eisenhower, se firm\u00f3 la Ley Nacional de Autopistas de Defensa Interestatal. A medida que las carreteras de nuestra naci\u00f3n segu\u00edan expandi\u00e9ndose, la gente se volv\u00eda m\u00e1s dependiente de sus autom\u00f3viles. Los viajes compartidos y los carriles HOV se hicieron populares durante la d\u00e9cada de 1970 debido al embargo petrolero \u00e1rabe. Ahora, mientras las personas comienzan a buscar un modo de transporte m\u00e1s f\u00e1cil, menos estresante y m\u00e1s econ\u00f3mico, los servicios de viajes compartidos como Uber, Lyft y Sidecar han surgido en todo el pa\u00eds. Esto ha llevado a una mayor necesidad de los servicios de un abogado de accidentes de Uber en Charlotte.<\/p>\n<p><a href=\"https:\/\/drtedinjurylaw.com\/es\/abogado-de-lesiones-personales-de-charlotte\/abogado-de-accidentes-de-carro-en-charlotte\/\">Los abogados de accidentes automovil\u00edsticos de Charlotte<\/a>\u00a0pueden atestiguar el hecho de que, aunque Uber puede reducir los accidentes de conducir en estado de ebriedad, no necesariamente significa una reducci\u00f3n en los accidentes automovil\u00edsticos en general. Los conductores de servicios de viajes compartidos a menudo no son profesionales, como se esperar\u00eda de una empresa de taxis. Pueden tener otro trabajo, intentando ganar dinero extra en su tiempo libre trabajando para Uber o Lyft.\u00a0<a href=\"https:\/\/drtedinjurylaw.com\/es\/nuestra-empresa\/\">Los abogados de Dr. Ted Injury Law<\/a>\u00a0son expertos en tratar el complicado proceso de obtener compensaci\u00f3n por un accidente de Uber. Si ha sufrido una lesi\u00f3n en un accidente de Uber,\u00a0llame a nuestra oficina hoy al <a href=\"tel:+18006937833\"><i class=\"fa fa-phone-alt\"><\/i>(800) 693-7833<\/a>\u00a0para programar una revisi\u00f3n de caso sin riesgo. Responderemos todas sus preguntas y proporcionaremos orientaci\u00f3n sobre c\u00f3mo proceder mejor con su caso.<\/p>\n<h2>\u00bfC\u00f3mo funcionan estos servicios de viajes compartidos?<\/h2>\n<p>Para el cliente, nada podr\u00eda ser m\u00e1s f\u00e1cil. Simplemente descarga la aplicaci\u00f3n de una compa\u00f1\u00eda espec\u00edfica en tu smartphone. Desde la aplicaci\u00f3n, contratas a un conductor en tu \u00e1rea inmediata. Mientras esperas a que lleguen, puedes rastrear su progreso a trav\u00e9s del GPS de tu tel\u00e9fono. El pago por el viaje tambi\u00e9n se maneja a trav\u00e9s de la aplicaci\u00f3n de Uber.<\/p>\n<p><img fetchpriority=\"high\" decoding=\"async\" class=\"aligncenter wp-image-32007 size-full\" src=\"https:\/\/drtedinjurylaw.com\/wp-content\/uploads\/2025\/12\/INFO-34-5-min-1-1.png\" alt=\"Dr. Ted Charlotte Uber Accident Infographic\" width=\"800\" height=\"2000\" srcset=\"https:\/\/drtedinjurylaw.com\/wp-content\/uploads\/2025\/12\/INFO-34-5-min-1-1.png 800w, https:\/\/drtedinjurylaw.com\/wp-content\/uploads\/2025\/12\/INFO-34-5-min-1-1-120x300.png 120w, https:\/\/drtedinjurylaw.com\/wp-content\/uploads\/2025\/12\/INFO-34-5-min-1-1-410x1024.png 410w, https:\/\/drtedinjurylaw.com\/wp-content\/uploads\/2025\/12\/INFO-34-5-min-1-1-768x1920.png 768w, https:\/\/drtedinjurylaw.com\/wp-content\/uploads\/2025\/12\/INFO-34-5-min-1-1-614x1536.png 614w\" sizes=\"(max-width: 800px) 100vw, 800px\" \/><\/p>\n<p>Estos servicios contratan conductores como contratistas independientes que utilizan sus propios veh\u00edculos y pagan todos sus propios costos, incluido el seguro de responsabilidad civil. Debido a la popularidad de Uber y otros servicios de viajes compartidos, este tipo de servicio est\u00e1 cambiando la cara del transporte p\u00fablico. Pero como con todas las aguas inexploradas, hay incertidumbre. En la actualidad, Uber y Lyft han enfrentado demandas por violar la Ley de Estadounidenses con Discapacidades, no cumplir con las regulaciones de la ciudad y el condado, no respetar las regulaciones del aeropuerto y no cumplir con los requisitos estatales de seguro.<\/p>\n<h2>\u00bfQui\u00e9n es responsable de un accidente de Uber?<\/h2>\n<p>Demostrar la culpa en un accidente puede ser bastante dif\u00edcil. No obstante, la parte culpable es responsable del accidente y, por lo tanto, es responsable de todo. Sin embargo, vale la pena se\u00f1alar que el pasajero puede no tener la culpa en este incidente y, por lo tanto, es elegible para recibir compensaci\u00f3n. Tambi\u00e9n deber\u00edan estar cubiertos por las pol\u00edticas corporativas indicadas en los sitios web de Uber.<\/p>\n<p>El seguro de Uber entra en vigencia desde el momento en que el conductor acepta la llamada de un cliente hasta que el pasajero se baja del autom\u00f3vil. Uber Taxi, Uberblack y Uber SUV brindan cobertura bajo el seguro comercial de la empresa que se encuentra en el sitio web de Uber.<\/p>\n<h2>\u00bfLos accidentes de Uber son diferentes a otros accidentes?<\/h2>\n<p>En un accidente de viaje compartido est\u00e1n involucradas m\u00faltiples p\u00f3lizas de seguro, incluyendo la del conductor, la de la empresa y la del seguro del pasajero. Solo despu\u00e9s de contratar a un abogado, muchas personas se dar\u00e1n cuenta de que hay otras p\u00f3lizas de seguro que pueden estar en juego en una situaci\u00f3n as\u00ed. Sin una representaci\u00f3n adecuada, es posible que no se conozcan estas p\u00f3lizas.<\/p>\n<p>Al igual que en cualquier otro accidente automovil\u00edstico, las lesiones pueden no ser evidentes en un accidente de Uber. Aunque las compa\u00f1\u00edas de seguros pueden querer que se resuelva r\u00e1pidamente, un buen abogado evaluar\u00e1 todas las opciones y posibilidades antes de decidir resolver. Apresurarse a resolver puede negarle la oportunidad de obtener una compensaci\u00f3n generosa por los da\u00f1os.<\/p>\n<h2>\u00bfC\u00f3mo puede ayudarme un abogado de accidentes de Uber en Charlotte?<\/h2>\n<p>Dependiendo de las circunstancias, Uber, su aseguradora, su conductor y su aseguradora pueden no pagar su reclamo. Debido al n\u00famero de partes involucradas, le recomendamos encarecidamente que busque representaci\u00f3n legal. Tanto las empresas de viajes compartidos como las de seguros tienen numerosos abogados de su lado, \u00bfpor qu\u00e9 no deber\u00eda tenerlos usted tambi\u00e9n? A continuaci\u00f3n, se enumeran solo algunas de las muchas razones por las que pueden denegar su reclamo.<\/p>\n<ul>\n<li>Aunque los conductores de Uber deben tener un seguro de autom\u00f3vil personal, casi todas las p\u00f3lizas de seguro de autom\u00f3vil est\u00e1ndar contienen la siguiente exclusi\u00f3n: \u201cpara la responsabilidad derivada de la propiedad o el funcionamiento de un veh\u00edculo mientras se usa para transportar personas a cambio de una tarifa\u201d. Si la aseguradora del conductor puede demostrar que usted pag\u00f3 al conductor por sus servicios, espere que se le deniegue su reclamo. Esto puede ocurrir independientemente de qui\u00e9n tuvo la culpa o de la gravedad de sus lesiones. Actualmente, Uber es la \u00fanica empresa de viajes compartidos que proporciona cobertura adicional de responsabilidad comercial para sus conductores.<\/li>\n<li>Los peatones a menudo enfrentan una larga batalla legal cuando resultan heridos por un conductor de viaje compartido. En 2013, un ni\u00f1o peque\u00f1o fue asesinado por un conductor distra\u00eddo de Uber. El abogado de la familia determin\u00f3 que el conductor, aunque no llevaba pasajeros en ese momento, estaba en su tel\u00e9fono buscando su pr\u00f3ximo cliente de Uber. Este caso se resolvi\u00f3 fuera de los tribunales en 2015 y llev\u00f3 a Uber a proporcionar ahora un seguro adicional de responsabilidad para todos sus conductores. Desafortunadamente, Uber es el \u00fanico servicio de viaje compartido que lo hace en este momento.<\/li>\n<li>En la mayor\u00eda de los casos, cuando sus lesiones han agotado los l\u00edmites de la p\u00f3liza de seguros del conductor responsable, su cobertura de seguro de autom\u00f3vil debe continuar pagando sus gastos m\u00e9dicos. Pero, \u00bfqu\u00e9 sucede cuando agota su cobertura? Deber\u00eda estar enfocado en sanar, no en preocuparse por las facturas m\u00e9dicas incurridas debido a la negligencia de otra persona.<\/li>\n<\/ul>\n<figure id=\"attachment_2263\" aria-describedby=\"caption-attachment-2263\" style=\"width: 740px\" class=\"wp-caption aligncenter\"><img decoding=\"async\" class=\"wp-image-2263 size-full\" src=\"https:\/\/drtedinjurylaw.com\/wp-content\/uploads\/2025\/08\/weinstein-atlanta-uber-stats-1-1.jpg\" alt=\"An active driver for Uber\" width=\"740\" height=\"416\" srcset=\"https:\/\/drtedinjurylaw.com\/wp-content\/uploads\/2025\/08\/weinstein-atlanta-uber-stats-1-1.jpg 740w, https:\/\/drtedinjurylaw.com\/wp-content\/uploads\/2025\/08\/weinstein-atlanta-uber-stats-1-1-300x169.jpg 300w\" sizes=\"(max-width: 740px) 100vw, 740px\" \/><figcaption id=\"caption-attachment-2263\" class=\"wp-caption-text\">Contact Dr. Ted Injury Law to help you navigate the complicated insurance process after an Uber accident.<\/figcaption><\/figure>\n<p>Si ha sufrido lesiones en un accidente automovil\u00edstico, ser\u00eda mejor buscar atenci\u00f3n m\u00e9dica inmediata. Los principales hospitales y otras instalaciones m\u00e9dicas en Charlotte, Carolina del Norte, incluyen:<\/p>\n<ul>\n<li><a href=\"https:\/\/www.carolinashealthcare.org\/cmc\" target=\"_blank\" rel=\"noopener\">Centro M\u00e9dico Carolinas<\/a>\u00a0\u2013 1000 Blythe Boulevard, Charlotte, NC 28203-5871 \/ (704) 355-2000<\/li>\n<li><a href=\"https:\/\/www.presbyterian.org\/\" target=\"_blank\" rel=\"noopener\">Hospital Presbiteriano<\/a>\u00a0\u2013 200 Hawthorne Lane, Charlotte, NC 28204-2528 \/ (704) 384-4000<\/li>\n<\/ul>\n<p>Si se encuentra en Charlotte, NC y ha estado involucrado en un accidente automovil\u00edstico de Uber o cualquier otro servicio de viajes compartidos como Lyft o Sidecar, comun\u00edquese hoy con un abogado de accidentes de Uber en Charlotte en\u00a0<a href=\"https:\/\/drtedinjurylaw.com\/es\/nuestra-empresa\/\">Dr. Ted Injury Law<\/a>.<\/p>\n<h2>Llame hoy a Dr. Ted Injury Law para una revisi\u00f3n de caso sin riesgos<\/h2>\n<p>Nuestros abogados experimentados y dedicados hacen que sus lesiones f\u00edsicas, angustia mental y emocional y da\u00f1o a la propiedad personal sean nuestra prioridad n\u00famero uno.\u00a0Ll\u00e1menos hoy para programar una evaluaci\u00f3n de caso GRATUITA al <a href=\"tel:+18006937833\"><i class=\"fa fa-phone-alt\"><\/i>(800) 693-7833<\/a>. Estamos comprometidos a obtener justicia para aquellos que resultaron heridos a manos de conductores de viajes compartidos.<\/p>\n","protected":false},"excerpt":{"rendered":"<p>El primer taxi moderno fue introducido en la ciudad de Nueva York en 1907. Con los a\u00f1os, la popularidad de los taxis como la de los servicios de autom\u00f3viles privados crec\u00edan, la mayor\u00eda se consideraba un servicio solo para la clase adinerada. El resto de la poblaci\u00f3n utilizaba el transporte p\u00fablico o caminaba. Durante la [&hellip;]<\/p>\n","protected":false},"author":22,"featured_media":44342,"parent":83057,"menu_order":43,"comment_status":"closed","ping_status":"closed","template":"","meta":{"_acf_changed":false,"anchor_text":"","footnotes":""},"class_list":["post-74180","page","type-page","status-publish","has-post-thumbnail","hentry"],"acf":[],"_links":{"self":[{"href":"https:\/\/drtedinjurylaw.com\/es\/wp-json\/wp\/v2\/pages\/74180","targetHints":{"allow":["GET"]}}],"collection":[{"href":"https:\/\/drtedinjurylaw.com\/es\/wp-json\/wp\/v2\/pages"}],"about":[{"href":"https:\/\/drtedinjurylaw.com\/es\/wp-json\/wp\/v2\/types\/page"}],"author":[{"embeddable":true,"href":"https:\/\/drtedinjurylaw.com\/es\/wp-json\/wp\/v2\/users\/22"}],"replies":[{"embeddable":true,"href":"https:\/\/drtedinjurylaw.com\/es\/wp-json\/wp\/v2\/comments?post=74180"}],"version-history":[{"count":2,"href":"https:\/\/drtedinjurylaw.com\/es\/wp-json\/wp\/v2\/pages\/74180\/revisions"}],"predecessor-version":[{"id":82965,"href":"https:\/\/drtedinjurylaw.com\/es\/wp-json\/wp\/v2\/pages\/74180\/revisions\/82965"}],"up":[{"embeddable":true,"href":"https:\/\/drtedinjurylaw.com\/es\/wp-json\/wp\/v2\/pages\/83057"}],"wp:featuredmedia":[{"embeddable":true,"href":"https:\/\/drtedinjurylaw.com\/es\/wp-json\/wp\/v2\/media\/44342"}],"wp:attachment":[{"href":"https:\/\/drtedinjurylaw.com\/es\/wp-json\/wp\/v2\/media?parent=74180"}],"curies":[{"name":"wp","href":"https:\/\/api.w.org\/{rel}","templated":true}]}}