{"id":74179,"date":"2025-08-07T19:35:38","date_gmt":"2025-08-07T19:35:38","guid":{"rendered":"https:\/\/drtedinjurylaw.com\/?page_id=959"},"modified":"2026-05-01T15:00:49","modified_gmt":"2026-05-01T15:00:49","slug":"abogado-de-accidentes-de-camiones-de-charlotte","status":"publish","type":"page","link":"https:\/\/drtedinjurylaw.com\/es\/abogado-de-lesiones-personales-de-charlotte\/abogado-de-accidentes-de-camiones-de-charlotte\/","title":{"rendered":"Abogado De Accidentes De Camiones De Charlotte"},"content":{"rendered":"<p>Los accidentes que involucran camiones y otros veh\u00edculos comerciales grandes no son raros en Charlotte, Carolina del Norte. Si usted o un ser querido sufre lesiones de un semirremolque, un cami\u00f3n de 18 ruedas, un tractor-remolque, un cami\u00f3n de cemento, cami\u00f3n de volteo o cualquier otro tipo de veh\u00edculo comercial grande, no dude en buscar ayuda de un abogado especializado en accidentes de camiones en Charlotte.<\/p>\n<p>Cuando se es golpeado por un cami\u00f3n de gran tama\u00f1o, es probable que se sufra lesiones personales graves. La fuerza del choque a menudo deja los veh\u00edculos inutilizables y causa lesiones a largo plazo a las personas en veh\u00edculos m\u00e1s peque\u00f1os. Un\u00a0<a href=\"https:\/\/drtedinjurylaw.com\/es\/abogado-de-lesiones-personales-de-charlotte\/\">abogado de lesiones personales en Charlotte<\/a>\u00a0podr\u00e1 proporcionar una estimaci\u00f3n precisa de los da\u00f1os que ha sufrido, lo que le permitir\u00e1 presentar la solicitud adecuada de compensaci\u00f3n. Si ha sufrido lesiones en un accidente que involucra cualquier tipo de cami\u00f3n comercial grande,\u00a0llame a Dr. Ted Injury Law al <a href=\"tel:+18006937833\"><i class=\"fa fa-phone-alt\"><\/i>(800) 693-7833<\/a>\u00a0para una revisi\u00f3n del caso sin riesgos. Ellos pueden informarle sobre el valor de su caso y responder a cualquier pregunta que pueda tener.<\/p>\n<h2>\u00bfC\u00f3mo puede ayudarle un abogado confiable de accidentes de camiones?<\/h2>\n<p>Cuando se est\u00e1 involucrado en un accidente de cami\u00f3n, es necesario trabajar con un abogado confiable de accidentes de camiones, ya sea que decida llevar el caso a juicio o llegar a un acuerdo. La mayor\u00eda de los residentes en Carolina del Norte pueden centrarse en los tratamientos m\u00e9dicos y la recuperaci\u00f3n y no en las implicaciones legales del incidente despu\u00e9s de un accidente de cami\u00f3n. Es por eso que necesitar\u00e1 tener a su lado un abogado compasivo de accidentes de camiones para que no tenga que preocuparse por el proceso legal.<\/p>\n<p><img fetchpriority=\"high\" decoding=\"async\" class=\"aligncenter wp-image-32383 size-full\" src=\"https:\/\/drtedinjurylaw.com\/wp-content\/uploads\/2025\/12\/INFO-44-5-min-1-1.png\" alt=\"Dr. Ted Charlotte Truck Accident Infographic\" width=\"800\" height=\"2000\" srcset=\"https:\/\/drtedinjurylaw.com\/wp-content\/uploads\/2025\/12\/INFO-44-5-min-1-1.png 800w, https:\/\/drtedinjurylaw.com\/wp-content\/uploads\/2025\/12\/INFO-44-5-min-1-1-120x300.png 120w, https:\/\/drtedinjurylaw.com\/wp-content\/uploads\/2025\/12\/INFO-44-5-min-1-1-410x1024.png 410w, https:\/\/drtedinjurylaw.com\/wp-content\/uploads\/2025\/12\/INFO-44-5-min-1-1-768x1920.png 768w, https:\/\/drtedinjurylaw.com\/wp-content\/uploads\/2025\/12\/INFO-44-5-min-1-1-614x1536.png 614w\" sizes=\"(max-width: 800px) 100vw, 800px\" \/><\/p>\n<p>Un abogado confiable de accidentes de camiones realizar\u00e1 dos tareas importantes, como investigar el lugar del accidente despu\u00e9s de la primera reuni\u00f3n con su cliente y recopilar la informaci\u00f3n necesaria sobre el caso para presentar su reclamo. Una investigaci\u00f3n exhaustiva es crucial para el \u00e9xito de un caso de accidente de cami\u00f3n. Ayuda durante los procedimientos de litigio y liquidaci\u00f3n. Su abogado intentar\u00e1 encontrar pruebas para demostrar la negligencia del conductor del cami\u00f3n involucrado en el accidente. Un abogado confiable de accidentes de camiones en Charlotte har\u00e1 lo siguiente para recopilar pruebas cruciales contra el infractor:<\/p>\n<ul>\n<li>Contratar a un experto para reconstruir la escena del accidente<\/li>\n<li>Identificar cualquier pieza defectuosa del cami\u00f3n<\/li>\n<li>Entrevistar a cualquier testigo presencial de la escena<\/li>\n<li>Revisar las fotograf\u00edas y el informe policial del accidente<\/li>\n<li>Investigar el historial de experiencia de manejo del conductor del cami\u00f3n \u2013 Estas pruebas son cruciales para inclinar el caso a su favor.<\/li>\n<\/ul>\n<p>El abogado comprobar\u00e1 si hay otra parte involucrada en el accidente. \u00c9l o ella examinar\u00e1 su caso en detalle para ver si fue el conductor o un c\u00f3mplice el responsable del accidente. Aqu\u00ed hay algunas preguntas que puede tener cuando est\u00e1 involucrado en un accidente de cami\u00f3n.<\/p>\n<h2>\u00bfQu\u00e9 Debes Hacer en la Escena de un Accidente de Cami\u00f3n?<\/h2>\n<p><img decoding=\"async\" class=\"size-medium wp-image-3244 alignleft\" src=\"https:\/\/drtedinjurylaw.com\/wp-content\/uploads\/2025\/08\/ted-greve-marietta-truck-accident-lawyer-1-300x204.jpg\" alt=\"Image is of a vehicle accident scene involving a semi truck and car concept of a Marietta\" width=\"300\" height=\"204\" \/>Lo primero es mantener la calma y permanecer en el autom\u00f3vil despu\u00e9s de un accidente de cami\u00f3n -si est\u00e1s consciente. Enciende las luces de emergencia del autom\u00f3vil y llama al 911. Busca asistencia m\u00e9dica lo antes posible, incluso si tienes lesiones leves. No abandones la escena del accidente. Obt\u00e9n los nombres y contactos de todas las personas involucradas en el accidente. Anota los nombres y detalles de contacto de cualquier testigo del incidente. No olvides anotar los nombres y n\u00fameros de placa de los oficiales de polic\u00eda que asisten a la escena del accidente.<\/p>\n<p>Toma fotos del accidente desde diferentes \u00e1ngulos. No olvides tomar fotos del entorno del incidente. No admitas ninguna culpa incluso si la polic\u00eda te presiona para hacerlo. No discutas el accidente con nadie que no sea la polic\u00eda y tu agente de seguros.<\/p>\n<h2>\u00bfCu\u00e1l es la diferencia entre un Accidente de Auto y un Accidente de Cami\u00f3n?<\/h2>\n<p>Un cami\u00f3n comercial f\u00e1cilmente pesa m\u00e1s de 80,000 libras. Esto significa que un cami\u00f3n de carga comercial es casi veinte veces m\u00e1s pesado que un autom\u00f3vil de pasajeros normal. Aunque los conductores de camiones solo necesitan trabajar 10 horas al d\u00eda, la mayor\u00eda de ellos tienden a hacer horas extras por dinero extra. Un conductor as\u00ed se vuelve vulnerable a accidentes y una amenaza para la seguridad de otros conductores que utilizan la red de carreteras.<\/p>\n<h3>P\u00f3lizas de seguro m\u00e1s grandes<\/h3>\n<p>El seguro de camiones comerciales es casi cincuenta veces mayor que las p\u00f3lizas de seguro de accidentes automovil\u00edsticos regulares. Las p\u00f3lizas de seguro de camiones tienen un valor de millones cada a\u00f1o. Esto es suficiente para entender por qu\u00e9 un abogado defensor quiere demostrar que el conductor del cami\u00f3n no es responsable del accidente. El abogado se pondr\u00e1 en contacto con el ajustador de seguros y emplear\u00e1 diversas estrategias para limitar la cantidad de compensaci\u00f3n que reciba. Es por eso que necesitas trabajar con un abogado experimentado de accidentes de camiones en Carolina del Norte para guiarte a trav\u00e9s de todo el proceso.<\/p>\n<h3>Mayor da\u00f1o a la propiedad<\/h3>\n<p>El peso y tama\u00f1o de un cami\u00f3n de carga comercial son mayores que los veh\u00edculos regulares en la red de carreteras. Naturalmente, se debe esperar un da\u00f1o mayor a las propiedades circundantes cuando se est\u00e1 involucrado en un accidente de cami\u00f3n.<\/p>\n<h3>Lesiones graves<\/h3>\n<p>Las lesiones en accidentes de camiones son mucho m\u00e1s graves en comparaci\u00f3n con las lesiones en accidentes automovil\u00edsticos. Desde latigazo cervical hasta huesos rotos, el alcance de la lesi\u00f3n puede ser amplio. Debe esperar facturas m\u00e9dicas extensas despu\u00e9s de un accidente de cami\u00f3n. Nunca se pueden descartar cirug\u00edas que cambien la vida despu\u00e9s de un accidente de cami\u00f3n.<\/p>\n<h3>Facturas m\u00e9dicas m\u00e1s grandes<\/h3>\n<p>Las v\u00edctimas de accidentes de camiones pasar\u00e1n m\u00e1s tiempo en el hospital en comparaci\u00f3n con las v\u00edctimas de accidentes automovil\u00edsticos. Sus lesiones son m\u00e1s graves y puede tomar un per\u00edodo m\u00e1s largo para que estas v\u00edctimas regresen al trabajo. Es por eso que debes trabajar con un abogado experimentado de accidentes de camiones de Dr. Ted Injury Law. Nuestros expertos pueden calcular su compensaci\u00f3n en funci\u00f3n de sus necesidades m\u00e9dicas actuales y futuras.<\/p>\n<h3>Mayores posibilidades de muerte<\/h3>\n<p>\u00a1Imag\u00ednese las implicaciones de chocar con un cami\u00f3n de carga comercial de 18 ruedas! Hay m\u00e1s posibilidades de muerte en tales accidentes en comparaci\u00f3n con los accidentes de veh\u00edculos de 4 ruedas. La Administraci\u00f3n Federal de Seguridad de Autotransportistas (FMCSA) afirma que hay de 3,000 a 5,000 muertes cada a\u00f1o como resultado de accidentes de camiones.<\/p>\n<p>Teniendo en cuenta todas estas cosas, la mejor manera de lidiar con un accidente de cami\u00f3n es llamar a un abogado profesional de accidentes de camiones en el \u00e1rea. Con la ayuda de un abogado experimentado de accidentes de camiones, tus posibilidades de ganar el caso son bajas.<\/p>\n<h2>\u00bfC\u00f3mo establecer la negligencia despu\u00e9s de un accidente de cami\u00f3n?<\/h2>\n<p>Si usted o sus seres queridos estuvieron involucrados en un grave accidente de cami\u00f3n, debe poder demostrar que el conductor del cami\u00f3n fue negligente mientras conduc\u00eda para obtener la compensaci\u00f3n que se merece en un caso judicial. Por eso, necesita trabajar con un abogado confiable de accidentes de camiones en Charlotte, NC. El abogado debe establecer los deberes del conductor del cami\u00f3n y demostrar que incumpli\u00f3 el c\u00f3digo de deber que llev\u00f3 al accidente. Algunas causas comunes de la negligencia de los conductores de camiones incluyen enviar mensajes de texto mientras conducen, exceder el l\u00edmite de velocidad, pasar un sem\u00e1foro en rojo o quedarse dormido mientras conducen.<\/p>\n<p>La Administraci\u00f3n Federal de Seguridad del Transporte de Mercanc\u00edas (FMCSA) ha establecido regulaciones estrictas para evitar accidentes de camiones:<\/p>\n<ul>\n<li>M\u00e1ximo n\u00famero de horas de servicio por d\u00eda<\/li>\n<li>Documentar descansos<\/li>\n<li>Mantener un registro de horas trabajadas<\/li>\n<li>Atender todas las necesidades de mantenimiento y horarios de trabajo<\/li>\n<li>Cargar la carga de manera segura, incluidos los materiales peligrosos<\/li>\n<li>Conducir un m\u00e1ximo de diez horas al d\u00eda<\/li>\n<li>No conducir bajo la influencia de alcohol u otras sustancias t\u00f3xicas<\/li>\n<\/ul>\n<h2>Datos y estad\u00edsticas de accidentes de camiones en Charlotte<\/h2>\n<p>Charlotte es la ciudad m\u00e1s grande de Carolina del Norte y la decimos\u00e9ptima m\u00e1s grande de EE. UU., con un \u00e1rea de tierra de 298 millas cuadradas y una poblaci\u00f3n estimada de 775,000 habitantes en 2012. Esta metr\u00f3poli bulliciosa se considera un punto de transporte importante debido a las autopistas que pasan a trav\u00e9s de ella o la rodean.<\/p>\n<p>Con todas las carreteras principales y secundarias de la ciudad, el n\u00famero de accidentes de camiones que ocurren en Charlotte ha ido aumentando.\u00a0<a href=\"https:\/\/www.hsrc.unc.edu\/\" target=\"_blank\" rel=\"noopener\">El Centro de Investigaci\u00f3n de Seguridad en Carreteras<\/a>, con sede en la Universidad de Carolina del Norte en Chapel Hill, public\u00f3 informes de su generador de datos de accidentes que muestran que el n\u00famero de accidentes de grandes camiones\/autobuses ha ido aumentando desde 2009. Pas\u00f3 de 957 en 2009, a 1,022 en 2010 y hasta 1,097 en 2011.<\/p>\n<p>El n\u00famero total de personas involucradas en estos accidentes tambi\u00e9n ha ido aumentando de 2,842 en 2009 a 3,272 en 2011. De las personas involucradas en accidentes en 2011, 12 murieron y 603 resultaron heridas.<\/p>\n<p>Para estas v\u00edctimas de accidentes de camiones y sus familias, sus circunstancias son m\u00e1s que n\u00fameros. Entonces, si usted o un ser querido ha sido afectado por un accidente de cami\u00f3n, debe llamar a un\u00a0<a href=\"https:\/\/drtedinjurylaw.com\/es\/abogado-de-lesiones-personales-de-charlotte\/abogado-de-accidentes-de-camiones-de-charlotte\/\">buen abogado de accidentes de coche en Charlotte<\/a>\u00a0con experiencia en accidentes de camiones.<\/p>\n<h2>Reclamando su compensaci\u00f3n justa<\/h2>\n<p><img decoding=\"async\" class=\"size-medium wp-image-32392 alignleft\" src=\"https:\/\/drtedinjurylaw.com\/wp-content\/uploads\/2025\/12\/the-aftermath-of-a-commercial-truck-accident-300x178.jpg\" alt=\"The aftermath of a commercial truck accident with a car concept of Charlotte truck accident lawyer\" width=\"300\" height=\"178\" \/>Despu\u00e9s de un accidente devastador, usted merece una compensaci\u00f3n para cubrir sus p\u00e9rdidas para poder comenzar su proceso de recuperaci\u00f3n.<\/p>\n<p>Desafortunadamente, muchas compa\u00f1\u00edas de seguros tienen una forma de descontar su compensaci\u00f3n. Un abogado experimentado en accidentes de camiones en Charlotte puede luchar por lo que usted merece leg\u00edtimamente. Usted puede ser compensado por p\u00e9rdidas como:<\/p>\n<ul>\n<li>Gastos m\u00e9dicos<\/li>\n<li>Da\u00f1os a la propiedad<\/li>\n<li>Dolor emocional<\/li>\n<li>P\u00e9rdida o limitaci\u00f3n de habilidades<\/li>\n<li>Cambios en el estilo de vida<\/li>\n<\/ul>\n<p>Tambi\u00e9n puede tener derecho a una compensaci\u00f3n por otras p\u00e9rdidas y da\u00f1os. Incluso puede ser elegible para recibir da\u00f1os punitivos. Su abogado examinar\u00e1 minuciosamente su caso y luchar\u00e1 por la compensaci\u00f3n m\u00e1xima que pueda obtener.<\/p>\n<h2>Un Abogado de Accidentes de Camiones en Charlotte en el que Puede Confiar<\/h2>\n<p>Adem\u00e1s de los problemas legales, tambi\u00e9n necesita todo el apoyo emocional que pueda obtener. En lugares donde los accidentes de tr\u00e1fico son comunes, clientes como usted podr\u00edan ser tratados como simples n\u00fameros. Necesita un abogado de accidentes de camiones en Charlotte que no solo gane su caso, sino que tambi\u00e9n empatice con usted durante este dif\u00edcil proceso.<\/p>\n<p>Conf\u00ede en un abogado de\u00a0<a href=\"https:\/\/drtedinjurylaw.com\/es\/\">Dr. Ted Injury Law<\/a>\u00a0para manejar su caso. No solo tendr\u00e1 la seguridad de los m\u00e1s de 20 a\u00f1os de experiencia de la firma, sino que tambi\u00e9n se sentir\u00e1 reconfortado por su servicio personalizado y compasivo. Para empezar a enfocarse en su recuperaci\u00f3n, comun\u00edquese con nuestras oficinas de inmediato.<\/p>\n","protected":false},"excerpt":{"rendered":"<p>Los accidentes que involucran camiones y otros veh\u00edculos comerciales grandes no son raros en Charlotte, Carolina del Norte. Si usted o un ser querido sufre lesiones de un semirremolque, un cami\u00f3n de 18 ruedas, un tractor-remolque, un cami\u00f3n de cemento, cami\u00f3n de volteo o cualquier otro tipo de veh\u00edculo comercial grande, no dude en buscar [&hellip;]<\/p>\n","protected":false},"author":22,"featured_media":44317,"parent":83057,"menu_order":9,"comment_status":"closed","ping_status":"closed","template":"","meta":{"_acf_changed":false,"anchor_text":"","footnotes":""},"class_list":["post-74179","page","type-page","status-publish","has-post-thumbnail","hentry"],"acf":[],"_links":{"self":[{"href":"https:\/\/drtedinjurylaw.com\/es\/wp-json\/wp\/v2\/pages\/74179","targetHints":{"allow":["GET"]}}],"collection":[{"href":"https:\/\/drtedinjurylaw.com\/es\/wp-json\/wp\/v2\/pages"}],"about":[{"href":"https:\/\/drtedinjurylaw.com\/es\/wp-json\/wp\/v2\/types\/page"}],"author":[{"embeddable":true,"href":"https:\/\/drtedinjurylaw.com\/es\/wp-json\/wp\/v2\/users\/22"}],"replies":[{"embeddable":true,"href":"https:\/\/drtedinjurylaw.com\/es\/wp-json\/wp\/v2\/comments?post=74179"}],"version-history":[{"count":2,"href":"https:\/\/drtedinjurylaw.com\/es\/wp-json\/wp\/v2\/pages\/74179\/revisions"}],"predecessor-version":[{"id":83404,"href":"https:\/\/drtedinjurylaw.com\/es\/wp-json\/wp\/v2\/pages\/74179\/revisions\/83404"}],"up":[{"embeddable":true,"href":"https:\/\/drtedinjurylaw.com\/es\/wp-json\/wp\/v2\/pages\/83057"}],"wp:featuredmedia":[{"embeddable":true,"href":"https:\/\/drtedinjurylaw.com\/es\/wp-json\/wp\/v2\/media\/44317"}],"wp:attachment":[{"href":"https:\/\/drtedinjurylaw.com\/es\/wp-json\/wp\/v2\/media?parent=74179"}],"curies":[{"name":"wp","href":"https:\/\/api.w.org\/{rel}","templated":true}]}}