{"id":41475,"date":"2025-08-11T14:20:33","date_gmt":"2025-08-11T14:20:33","guid":{"rendered":"https:\/\/drtedinjurylaw.com\/georgia\/"},"modified":"2026-04-28T21:09:32","modified_gmt":"2026-04-28T21:09:32","slug":"oficina-en-atlanta","status":"publish","type":"page","link":"https:\/\/drtedinjurylaw.com\/es\/oficina-en-atlanta\/","title":{"rendered":"Abogados especializados en lesiones personales Atlanta, GA"},"content":{"rendered":"<p>\u00bfUsted o un ser querido sufrieron un atropello y resultaron gravemente heridos? \u00bfSe resbal\u00f3 en un piso mojado o tropez\u00f3 en la propiedad de otra persona? Cuando la negligencia de otra persona le deja lesionado y con dificultades econ\u00f3micas, necesita un abogado especializado en lesiones personales en Atlanta que comprenda las lesiones desde todos los \u00e1ngulos. Necesita a Dr. Ted Injury Law.<\/p>\n<p>\u00bfQu\u00e9 distingue a nuestro bufete de abogados? Nuestro fundador, el Dr. Ted A. Greve, aporta una experiencia m\u00e9dica \u00fanica a cada caso de lesiones personales. Aunque es quiropr\u00e1ctico titulado, el Dr. Ted solo ejerce la abogac\u00eda. Su s\u00f3lida formaci\u00f3n m\u00e9dica le permite utilizar su conocimiento sobre lesiones y dolor para luchar por la m\u00e1xima indemnizaci\u00f3n que usted se merece.<\/p>\n<p>Nuestro equipo entiende que sufrir una lesi\u00f3n puede afectar tanto a su cuenta bancaria como a su cuerpo. Por eso no pagar\u00e1 nada a menos que ganemos su caso; no hay honorarios ni gastos de su bolsillo hasta que obtengamos resultados para usted.<\/p>\n<p>Si usted o un ser querido ha sufrido lesiones en Atlanta, llame al abogado que tambi\u00e9n es m\u00e9dico. Cont\u00e1ctenos hoy mismo para programar su consulta gratuita y sin compromiso. Le explicaremos lo que necesita saber sobre c\u00f3mo presentar una demanda por lesiones personales.<\/p>\n","protected":false},"excerpt":{"rendered":"<p>\u00bfUsted o un ser querido sufrieron un atropello y resultaron gravemente heridos? \u00bfSe resbal\u00f3 en un piso mojado o tropez\u00f3 en la propiedad de otra persona? Cuando la negligencia de otra persona le deja lesionado y con dificultades econ\u00f3micas, necesita un abogado especializado en lesiones personales en Atlanta que comprenda las lesiones desde todos los [&hellip;]<\/p>\n","protected":false},"author":56,"featured_media":82936,"parent":0,"menu_order":36,"comment_status":"closed","ping_status":"closed","template":"","meta":{"_acf_changed":false,"anchor_text":"Atlanta","footnotes":""},"class_list":["post-41475","page","type-page","status-publish","has-post-thumbnail","hentry"],"acf":[],"_links":{"self":[{"href":"https:\/\/drtedinjurylaw.com\/es\/wp-json\/wp\/v2\/pages\/41475","targetHints":{"allow":["GET"]}}],"collection":[{"href":"https:\/\/drtedinjurylaw.com\/es\/wp-json\/wp\/v2\/pages"}],"about":[{"href":"https:\/\/drtedinjurylaw.com\/es\/wp-json\/wp\/v2\/types\/page"}],"author":[{"embeddable":true,"href":"https:\/\/drtedinjurylaw.com\/es\/wp-json\/wp\/v2\/users\/56"}],"replies":[{"embeddable":true,"href":"https:\/\/drtedinjurylaw.com\/es\/wp-json\/wp\/v2\/comments?post=41475"}],"version-history":[{"count":8,"href":"https:\/\/drtedinjurylaw.com\/es\/wp-json\/wp\/v2\/pages\/41475\/revisions"}],"predecessor-version":[{"id":83044,"href":"https:\/\/drtedinjurylaw.com\/es\/wp-json\/wp\/v2\/pages\/41475\/revisions\/83044"}],"wp:featuredmedia":[{"embeddable":true,"href":"https:\/\/drtedinjurylaw.com\/es\/wp-json\/wp\/v2\/media\/82936"}],"wp:attachment":[{"href":"https:\/\/drtedinjurylaw.com\/es\/wp-json\/wp\/v2\/media?parent=41475"}],"curies":[{"name":"wp","href":"https:\/\/api.w.org\/{rel}","templated":true}]}}